{"id":2977,"date":"2023-01-04T11:27:54","date_gmt":"2023-01-04T11:27:54","guid":{"rendered":"https:\/\/lbrent.es\/beispielseite\/"},"modified":"2023-04-18T07:40:03","modified_gmt":"2023-04-18T07:40:03","slug":"beispielseite","status":"publish","type":"page","link":"https:\/\/lbrent.es\/de\/beispielseite\/","title":{"rendered":"Beispielseite"},"content":{"rendered":"\n<p>Dies ist eine Beispielseite. Er unterscheidet sich von einem Blogbeitrag, da er an einem Ort verbleibt und in der Navigation Ihrer Website erscheint (in den meisten Themes). Die meisten Menschen beginnen mit einer &#8222;\u00dcber&#8220;-Seite, die sie potenziellen Besuchern der Website vorstellt. Sie k\u00f6nnten so etwas sagen:<\/p>\n\n<blockquote class=\"wp-block-quote is-layout-flow wp-block-quote-is-layout-flow\"><p>Hallo! Tags\u00fcber bin ich Kellner, nachts ein aufstrebender Schauspieler und dies ist meine Website. Ich wohne in Mairena del Alcor, ich habe einen Hund namens Firulais und ich mag Rebujito. (Und lange Nachmittage mit Kaffee).<\/p><\/blockquote>\n\n<p>&#8230;oder so \u00e4hnlich:<\/p>\n\n<blockquote class=\"wp-block-quote is-layout-flow wp-block-quote-is-layout-flow\"><p>Das Unternehmen &#8222;Mariscos Recio&#8220; wurde von Antonio Recio Mata gegr\u00fcndet. Es begann als kleines Unternehmen, das Hotels und Restaurants mit Meeresfr\u00fcchten belieferte, hat sich aber nach und nach zu einem riesigen Imperium entwickelt. Mariscos Recio, das Meer zum besten Preis.<\/p><\/blockquote>\n\n<p>Als neuer WordPress-Benutzer sollten Sie zu <a href=\"https:\/\/lbrent.es\/wp-admin\/\">Ihrem Desktop<\/a> gehen, um diese Seite zu l\u00f6schen und neue Seiten f\u00fcr Ihre Inhalte zu erstellen. Viel Spa\u00df!<\/p>\n","protected":false},"excerpt":{"rendered":"<p>Dies ist eine Beispielseite. Er unterscheidet sich von einem Blogbeitrag, da er an einem Ort verbleibt und in der Navigation Ihrer Website erscheint (in den meisten Themes). Die meisten Menschen beginnen mit einer &#8222;\u00dcber&#8220;-Seite, die sie potenziellen Besuchern der Website vorstellt. Sie k\u00f6nnten so etwas sagen: Hallo! Tags\u00fcber bin ich Kellner, nachts ein aufstrebender Schauspieler [&hellip;]<\/p>\n","protected":false},"author":2,"featured_media":0,"parent":0,"menu_order":0,"comment_status":"closed","ping_status":"open","template":"","meta":{"_et_pb_use_builder":"","_et_pb_old_content":"","_et_gb_content_width":"","footnotes":""},"class_list":["post-2977","page","type-page","status-publish","hentry"],"yoast_head":"<!-- This site is optimized with the Yoast SEO plugin v27.4 - https:\/\/yoast.com\/product\/yoast-seo-wordpress\/ -->\n<title>Beispielseite | LB Oprent<\/title>\n<meta name=\"robots\" content=\"index, follow, max-snippet:-1, max-image-preview:large, max-video-preview:-1\" \/>\n<link rel=\"canonical\" href=\"https:\/\/lbrent.es\/de\/beispielseite\/\" \/>\n<meta property=\"og:locale\" content=\"de_DE\" \/>\n<meta property=\"og:type\" content=\"article\" \/>\n<meta property=\"og:title\" content=\"Beispielseite | LB Oprent\" \/>\n<meta property=\"og:description\" content=\"Dies ist eine Beispielseite. Er unterscheidet sich von einem Blogbeitrag, da er an einem Ort verbleibt und in der Navigation Ihrer Website erscheint (in den meisten Themes). Die meisten Menschen beginnen mit einer &#8222;\u00dcber&#8220;-Seite, die sie potenziellen Besuchern der Website vorstellt. Sie k\u00f6nnten so etwas sagen: Hallo! Tags\u00fcber bin ich Kellner, nachts ein aufstrebender Schauspieler [&hellip;]\" \/>\n<meta property=\"og:url\" content=\"https:\/\/lbrent.es\/de\/beispielseite\/\" \/>\n<meta property=\"og:site_name\" content=\"LB Oprent\" \/>\n<meta property=\"article:modified_time\" content=\"2023-04-18T07:40:03+00:00\" \/>\n<meta property=\"og:image\" content=\"https:\/\/lbrent.es\/wp-content\/uploads\/2023\/03\/LB-Oprent.png\" \/>\n\t<meta property=\"og:image:width\" content=\"496\" \/>\n\t<meta property=\"og:image:height\" content=\"156\" \/>\n\t<meta property=\"og:image:type\" content=\"image\/png\" \/>\n<meta name=\"twitter:card\" content=\"summary_large_image\" \/>\n<meta name=\"twitter:label1\" content=\"Gesch\u00e4tzte Lesezeit\" \/>\n\t<meta name=\"twitter:data1\" content=\"1\u00a0Minute\" \/>\n<script type=\"application\/ld+json\" class=\"yoast-schema-graph\">{\"@context\":\"https:\\\/\\\/schema.org\",\"@graph\":[{\"@type\":\"WebPage\",\"@id\":\"https:\\\/\\\/lbrent.es\\\/de\\\/beispielseite\\\/\",\"url\":\"https:\\\/\\\/lbrent.es\\\/de\\\/beispielseite\\\/\",\"name\":\"Beispielseite | LB Oprent\",\"isPartOf\":{\"@id\":\"https:\\\/\\\/lbrent.es\\\/de\\\/#website\"},\"datePublished\":\"2023-01-04T11:27:54+00:00\",\"dateModified\":\"2023-04-18T07:40:03+00:00\",\"breadcrumb\":{\"@id\":\"https:\\\/\\\/lbrent.es\\\/de\\\/beispielseite\\\/#breadcrumb\"},\"inLanguage\":\"de\",\"potentialAction\":[{\"@type\":\"ReadAction\",\"target\":[\"https:\\\/\\\/lbrent.es\\\/de\\\/beispielseite\\\/\"]}]},{\"@type\":\"BreadcrumbList\",\"@id\":\"https:\\\/\\\/lbrent.es\\\/de\\\/beispielseite\\\/#breadcrumb\",\"itemListElement\":[{\"@type\":\"ListItem\",\"position\":1,\"name\":\"Inicio\",\"item\":\"https:\\\/\\\/lbrent.es\\\/de\\\/3464-2\\\/\"},{\"@type\":\"ListItem\",\"position\":2,\"name\":\"Beispielseite\"}]},{\"@type\":\"WebSite\",\"@id\":\"https:\\\/\\\/lbrent.es\\\/de\\\/#website\",\"url\":\"https:\\\/\\\/lbrent.es\\\/de\\\/\",\"name\":\"LB Oprent\",\"description\":\"\",\"publisher\":{\"@id\":\"https:\\\/\\\/lbrent.es\\\/de\\\/#organization\"},\"alternateName\":\"Soluciones financieras para empresas industriales en Europa\",\"potentialAction\":[{\"@type\":\"SearchAction\",\"target\":{\"@type\":\"EntryPoint\",\"urlTemplate\":\"https:\\\/\\\/lbrent.es\\\/de\\\/?s={search_term_string}\"},\"query-input\":{\"@type\":\"PropertyValueSpecification\",\"valueRequired\":true,\"valueName\":\"search_term_string\"}}],\"inLanguage\":\"de\"},{\"@type\":\"Organization\",\"@id\":\"https:\\\/\\\/lbrent.es\\\/de\\\/#organization\",\"name\":\"LB Oprent\",\"alternateName\":\"Soluciones financieras para empresas industriales en Europa\",\"url\":\"https:\\\/\\\/lbrent.es\\\/de\\\/\",\"logo\":{\"@type\":\"ImageObject\",\"inLanguage\":\"de\",\"@id\":\"https:\\\/\\\/lbrent.es\\\/de\\\/#\\\/schema\\\/logo\\\/image\\\/\",\"url\":\"https:\\\/\\\/lbrent.es\\\/wp-content\\\/uploads\\\/2023\\\/03\\\/cropped-LB-Oprent-Favicon.png\",\"contentUrl\":\"https:\\\/\\\/lbrent.es\\\/wp-content\\\/uploads\\\/2023\\\/03\\\/cropped-LB-Oprent-Favicon.png\",\"width\":512,\"height\":512,\"caption\":\"LB Oprent\"},\"image\":{\"@id\":\"https:\\\/\\\/lbrent.es\\\/de\\\/#\\\/schema\\\/logo\\\/image\\\/\"}}]}<\/script>\n<!-- \/ Yoast SEO plugin. -->","yoast_head_json":{"title":"Beispielseite | LB Oprent","robots":{"index":"index","follow":"follow","max-snippet":"max-snippet:-1","max-image-preview":"max-image-preview:large","max-video-preview":"max-video-preview:-1"},"canonical":"https:\/\/lbrent.es\/de\/beispielseite\/","og_locale":"de_DE","og_type":"article","og_title":"Beispielseite | LB Oprent","og_description":"Dies ist eine Beispielseite. Er unterscheidet sich von einem Blogbeitrag, da er an einem Ort verbleibt und in der Navigation Ihrer Website erscheint (in den meisten Themes). Die meisten Menschen beginnen mit einer &#8222;\u00dcber&#8220;-Seite, die sie potenziellen Besuchern der Website vorstellt. Sie k\u00f6nnten so etwas sagen: Hallo! Tags\u00fcber bin ich Kellner, nachts ein aufstrebender Schauspieler [&hellip;]","og_url":"https:\/\/lbrent.es\/de\/beispielseite\/","og_site_name":"LB Oprent","article_modified_time":"2023-04-18T07:40:03+00:00","og_image":[{"width":496,"height":156,"url":"https:\/\/lbrent.es\/wp-content\/uploads\/2023\/03\/LB-Oprent.png","type":"image\/png"}],"twitter_card":"summary_large_image","twitter_misc":{"Gesch\u00e4tzte Lesezeit":"1\u00a0Minute"},"schema":{"@context":"https:\/\/schema.org","@graph":[{"@type":"WebPage","@id":"https:\/\/lbrent.es\/de\/beispielseite\/","url":"https:\/\/lbrent.es\/de\/beispielseite\/","name":"Beispielseite | LB Oprent","isPartOf":{"@id":"https:\/\/lbrent.es\/de\/#website"},"datePublished":"2023-01-04T11:27:54+00:00","dateModified":"2023-04-18T07:40:03+00:00","breadcrumb":{"@id":"https:\/\/lbrent.es\/de\/beispielseite\/#breadcrumb"},"inLanguage":"de","potentialAction":[{"@type":"ReadAction","target":["https:\/\/lbrent.es\/de\/beispielseite\/"]}]},{"@type":"BreadcrumbList","@id":"https:\/\/lbrent.es\/de\/beispielseite\/#breadcrumb","itemListElement":[{"@type":"ListItem","position":1,"name":"Inicio","item":"https:\/\/lbrent.es\/de\/3464-2\/"},{"@type":"ListItem","position":2,"name":"Beispielseite"}]},{"@type":"WebSite","@id":"https:\/\/lbrent.es\/de\/#website","url":"https:\/\/lbrent.es\/de\/","name":"LB Oprent","description":"","publisher":{"@id":"https:\/\/lbrent.es\/de\/#organization"},"alternateName":"Soluciones financieras para empresas industriales en Europa","potentialAction":[{"@type":"SearchAction","target":{"@type":"EntryPoint","urlTemplate":"https:\/\/lbrent.es\/de\/?s={search_term_string}"},"query-input":{"@type":"PropertyValueSpecification","valueRequired":true,"valueName":"search_term_string"}}],"inLanguage":"de"},{"@type":"Organization","@id":"https:\/\/lbrent.es\/de\/#organization","name":"LB Oprent","alternateName":"Soluciones financieras para empresas industriales en Europa","url":"https:\/\/lbrent.es\/de\/","logo":{"@type":"ImageObject","inLanguage":"de","@id":"https:\/\/lbrent.es\/de\/#\/schema\/logo\/image\/","url":"https:\/\/lbrent.es\/wp-content\/uploads\/2023\/03\/cropped-LB-Oprent-Favicon.png","contentUrl":"https:\/\/lbrent.es\/wp-content\/uploads\/2023\/03\/cropped-LB-Oprent-Favicon.png","width":512,"height":512,"caption":"LB Oprent"},"image":{"@id":"https:\/\/lbrent.es\/de\/#\/schema\/logo\/image\/"}}]}},"_links":{"self":[{"href":"https:\/\/lbrent.es\/de\/wp-json\/wp\/v2\/pages\/2977","targetHints":{"allow":["GET"]}}],"collection":[{"href":"https:\/\/lbrent.es\/de\/wp-json\/wp\/v2\/pages"}],"about":[{"href":"https:\/\/lbrent.es\/de\/wp-json\/wp\/v2\/types\/page"}],"author":[{"embeddable":true,"href":"https:\/\/lbrent.es\/de\/wp-json\/wp\/v2\/users\/2"}],"replies":[{"embeddable":true,"href":"https:\/\/lbrent.es\/de\/wp-json\/wp\/v2\/comments?post=2977"}],"version-history":[{"count":1,"href":"https:\/\/lbrent.es\/de\/wp-json\/wp\/v2\/pages\/2977\/revisions"}],"predecessor-version":[{"id":2978,"href":"https:\/\/lbrent.es\/de\/wp-json\/wp\/v2\/pages\/2977\/revisions\/2978"}],"wp:attachment":[{"href":"https:\/\/lbrent.es\/de\/wp-json\/wp\/v2\/media?parent=2977"}],"curies":[{"name":"wp","href":"https:\/\/api.w.org\/{rel}","templated":true}]}}