{"id":3002,"date":"2023-01-17T15:39:56","date_gmt":"2023-01-17T15:39:56","guid":{"rendered":"https:\/\/lbrent.es\/ausruestung-zu-verkaufen\/"},"modified":"2023-04-18T07:43:06","modified_gmt":"2023-04-18T07:43:06","slug":"ausruestung-zu-verkaufen","status":"publish","type":"page","link":"https:\/\/lbrent.es\/de\/ausruestung-zu-verkaufen\/","title":{"rendered":"Ausr\u00fcstung zu verkaufen"},"content":{"rendered":"<p>[et_pb_section fb_built=&#8220;1&#8243; _builder_version=&#8220;4.19.4&#8243; _module_preset=&#8220;default&#8220; use_background_color_gradient=&#8220;on&#8220; background_color_gradient_stops=&#8220;rgba(33,63,143,0.5) 0%|rgba(33,63,143,0.5) 99%&#8220; background_color_gradient_overlays_image=&#8220;on&#8220; background_image=&#8220;https:\/\/lbrent.es\/wp-content\/uploads\/2023\/01\/fondo1-lb.jpg&#8220; custom_padding=&#8220;48px||40px||false|&#8220; locked=&#8220;off&#8220; global_colors_info=&#8220;{}&#8220;][et_pb_row column_structure=&#8220;1_2,1_2&#8243; _builder_version=&#8220;4.19.4&#8243; _module_preset=&#8220;default&#8220; custom_padding=&#8220;0px|||||&#8220; global_colors_info=&#8220;{}&#8220;][et_pb_column type=&#8220;1_2&#8243; _builder_version=&#8220;4.19.4&#8243; _module_preset=&#8220;default&#8220; global_colors_info=&#8220;{}&#8220;][et_pb_text _builder_version=&#8220;4.19.4&#8243; _module_preset=&#8220;default&#8220; text_text_color=&#8220;#FFFFFF&#8220; text_font_size=&#8220;1em&#8220; custom_margin=&#8220;||80px|||&#8220; global_colors_info=&#8220;{}&#8220;]<\/p>\n<p><a href=\"https:\/\/lbrent.es\/de\/\">Home<\/a> &gt; Ausr\u00fcstung zu verkaufen<\/p>\n<p>[\/et_pb_text][et_pb_text _builder_version=&#8220;4.19.4&#8243; _module_preset=&#8220;default&#8220; header_2_font=&#8220;||||||||&#8220; header_2_text_color=&#8220;#FFFFFF&#8220; header_2_font_size=&#8220;1.4em&#8220; header_2_line_height=&#8220;1.3em&#8220; custom_margin=&#8220;||-2px|||&#8220; custom_padding=&#8220;|40px||||&#8220; global_colors_info=&#8220;{}&#8220;]<\/p>\n<h2><span>Industrielle Dienstleistungen<\/span><\/h2>\n<p>[\/et_pb_text][et_pb_text disabled_on=&#8220;off|off|off&#8220; _builder_version=&#8220;4.19.4&#8243; _module_preset=&#8220;default&#8220; header_font=&#8220;||||||||&#8220; header_text_align=&#8220;left&#8220; header_text_color=&#8220;#FFFFFF&#8220; header_font_size=&#8220;3.8em&#8220; header_line_height=&#8220;1.3em&#8220; custom_margin=&#8220;16px|||||&#8220; header_font_size_tablet=&#8220;3.8em&#8220; header_font_size_phone=&#8220;2em&#8220; header_font_size_last_edited=&#8220;on|phone&#8220; global_colors_info=&#8220;{}&#8220;]<\/p>\n<h1>Ausr\u00fcstung zu verkaufen<\/h1>\n<p>[\/et_pb_text][\/et_pb_column][et_pb_column type=&#8220;1_2&#8243; _builder_version=&#8220;4.19.4&#8243; _module_preset=&#8220;default&#8220; global_colors_info=&#8220;{}&#8220;][\/et_pb_column][\/et_pb_row][\/et_pb_section][et_pb_section fb_built=&#8220;1&#8243; _builder_version=&#8220;4.19.4&#8243; _module_preset=&#8220;default&#8220; locked=&#8220;off&#8220; global_colors_info=&#8220;{}&#8220;][et_pb_row column_structure=&#8220;2_5,3_5&#8243; _builder_version=&#8220;4.19.4&#8243; _module_preset=&#8220;default&#8220; custom_margin=&#8220;|auto|61px|auto||&#8220; custom_padding=&#8220;0px||0px|||&#8220; global_colors_info=&#8220;{}&#8220;][et_pb_column type=&#8220;2_5&#8243; _builder_version=&#8220;4.19.4&#8243; _module_preset=&#8220;default&#8220; global_colors_info=&#8220;{}&#8220;][et_pb_text _builder_version=&#8220;4.19.4&#8243; _module_preset=&#8220;default&#8220; header_font=&#8220;DM Sans||||||||&#8220; header_text_color=&#8220;#01003c&#8220; header_font_size=&#8220;48px&#8220; header_line_height=&#8220;1.4em&#8220; header_3_font=&#8220;DM Sans||||||||&#8220; header_3_font_size=&#8220;3.2em&#8220; custom_margin=&#8220;16px|||||&#8220; global_colors_info=&#8220;{}&#8220;]<\/p>\n<h3>Wie es funktioniert<\/h3>\n<p>[\/et_pb_text][et_pb_text _builder_version=&#8220;4.19.4&#8243; _module_preset=&#8220;default&#8220; text_text_color=&#8220;#000000&#8243; text_font_size=&#8220;1em&#8220; header_2_font=&#8220;DM Sans||||||||&#8220; header_2_text_color=&#8220;#FFFFFF&#8220; header_2_font_size=&#8220;32px&#8220; header_2_line_height=&#8220;1.3em&#8220; custom_margin=&#8220;1px||37px||false|false&#8220; custom_padding=&#8220;||||false|false&#8220; hover_enabled=&#8220;0&#8243; global_colors_info=&#8220;{}&#8220; sticky_enabled=&#8220;0&#8243;]<\/p>\n<p>Wenn Sie Ihre Industrieanlagen verkaufen m\u00fcssen, ist das LB-Expertenteam die beste L\u00f6sung, um schnell K\u00e4ufer zu finden und immer den besten Preis zu erzielen. Kontaktieren Sie uns f\u00fcr eine auf Ihre Bed\u00fcrfnisse zugeschnittene Studie.<\/p>\n<p>[\/et_pb_text][\/et_pb_column][et_pb_column type=&#8220;3_5&#8243; _builder_version=&#8220;4.19.4&#8243; _module_preset=&#8220;default&#8220; global_colors_info=&#8220;{}&#8220;][\/et_pb_column][\/et_pb_row][et_pb_row use_custom_gutter=&#8220;on&#8220; gutter_width=&#8220;4&#8243; _builder_version=&#8220;4.19.4&#8243; _module_preset=&#8220;default&#8220; custom_margin=&#8220;25px|auto||auto||&#8220; custom_padding=&#8220;0px|||||&#8220; global_colors_info=&#8220;{}&#8220;][et_pb_column type=&#8220;4_4&#8243; _builder_version=&#8220;4.19.4&#8243; _module_preset=&#8220;default&#8220; global_colors_info=&#8220;{}&#8220;][et_pb_filterable_portfolio fullwidth=&#8220;off&#8220; zoom_icon_color=&#8220;RGBA(255,255,255,0)&#8220; hover_overlay_color=&#8220;RGBA(255,255,255,0)&#8220; module_id=&#8220;Portafolio&#8220; module_class=&#8220;Portafolio&#8220; _builder_version=&#8220;4.19.4&#8243; _module_preset=&#8220;default&#8220; title_font_size=&#8220;1.6em&#8220; filter_font_size=&#8220;1em&#8220; caption_text_color=&#8220;#000000&#8243; pagination_text_color=&#8220;#000000&#8243; pagination_font_size=&#8220;1em&#8220; custom_css_portfolio_filters=&#8220;  background: -prefix-linear-gradient(70deg, #122A6A, #122044) !important;|| background: linear-gradient(70deg, #122A6A, #122044) !important;|| padding-top: .6em;|| padding-bottom: .4em;|| margin-top: .2em;|| margin-right: .8em;|| border-radius: 6px 6px 6px 0px;|| text-transform: capitalize;|| display: inline-block;|| transition-duration: 0.8s;&#8220; custom_css_active_portfolio_filter=&#8220;  font-family: &#8218;Times new roman&#8216;;|| font-style: italic;|| font-size: 1.3em;||  color: #000;|| background: #fff !important;|| padding-top: .4em;|| padding-bottom: .4em;|| padding-left: .9em;|| padding-right: .9em;|| margin-bottom: .1em;|| margin-right: .8em;|| margin-left: .8em;|| border-radius: 6px 6px 6px 0px;|| text-transform: capitalize;|| display: inline-block;|| transition-duration: 0.8s;&#8220; custom_css_portfolio_pagination_active=&#8220; &#8220; global_colors_info=&#8220;{}&#8220;][\/et_pb_filterable_portfolio][\/et_pb_column][\/et_pb_row][\/et_pb_section][et_pb_section fb_built=&#8220;1&#8243; disabled_on=&#8220;on|off|off&#8220; _builder_version=&#8220;4.19.4&#8243; _module_preset=&#8220;default&#8220; background_image=&#8220;https:\/\/lbrent.es\/wp-content\/uploads\/2023\/01\/LB-8.jpg&#8220; custom_padding=&#8220;80px||80px||true|&#8220; global_module=&#8220;466&#8243; saved_tabs=&#8220;all&#8220; global_colors_info=&#8220;{}&#8220;][et_pb_row _builder_version=&#8220;4.19.4&#8243; _module_preset=&#8220;default&#8220; global_colors_info=&#8220;{}&#8220;][et_pb_column type=&#8220;4_4&#8243; _builder_version=&#8220;4.19.4&#8243; _module_preset=&#8220;default&#8220; global_colors_info=&#8220;{}&#8220;][et_pb_text _builder_version=&#8220;4.19.4&#8243; _module_preset=&#8220;default&#8220; header_2_font=&#8220;DM Sans||||||||&#8220; header_2_text_align=&#8220;center&#8220; header_2_text_color=&#8220;#000000&#8243; header_2_font_size=&#8220;2.4em&#8220; header_2_line_height=&#8220;1.3em&#8220; custom_margin=&#8220;||-2px|||&#8220; custom_padding=&#8220;|40px||||&#8220; header_2_font_size_tablet=&#8220;1.6em&#8220; header_2_font_size_phone=&#8220;1.4em&#8220; header_2_font_size_last_edited=&#8220;on|phone&#8220; global_colors_info=&#8220;{}&#8220;]<\/p>\n<h2>LB Oprent positioniert sich als<br \/><span style=\"font-size: 1.12em; font-style: italic; font-family: 'Times new roman';\">umfassende L\u00f6sung <\/span>f\u00fcr die verschiedenen<br \/>die finanziellen Bed\u00fcrfnisse ihrer <span style=\"font-size: 1.12em; font-style: italic; font-family: 'Times new roman';\">Kunden<\/span>.<\/h2>\n<p>[\/et_pb_text][\/et_pb_column][\/et_pb_row][\/et_pb_section]<\/p>\n","protected":false},"excerpt":{"rendered":"<p>Home &gt; Ausr\u00fcstung zu verkaufenIndustrielle DienstleistungenAusr\u00fcstung zu verkaufenWie es funktioniertWenn Sie Ihre Industrieanlagen verkaufen m\u00fcssen, ist das LB-Expertenteam die beste L\u00f6sung, um schnell K\u00e4ufer zu finden und immer den besten Preis zu erzielen. Kontaktieren Sie uns f\u00fcr eine auf Ihre Bed\u00fcrfnisse zugeschnittene Studie.LB Oprent positioniert sich alsumfassende L\u00f6sung f\u00fcr die verschiedenendie finanziellen Bed\u00fcrfnisse ihrer Kunden.<\/p>\n","protected":false},"author":2,"featured_media":0,"parent":0,"menu_order":0,"comment_status":"closed","ping_status":"closed","template":"","meta":{"_et_pb_use_builder":"on","_et_pb_old_content":"","_et_gb_content_width":"","footnotes":""},"class_list":["post-3002","page","type-page","status-publish","hentry"],"yoast_head":"<!-- This site is optimized with the Yoast SEO plugin v27.4 - https:\/\/yoast.com\/product\/yoast-seo-wordpress\/ -->\n<title>Ausr\u00fcstung zu verkaufen | LB Oprent<\/title>\n<meta name=\"robots\" content=\"index, follow, max-snippet:-1, max-image-preview:large, max-video-preview:-1\" \/>\n<link rel=\"canonical\" href=\"https:\/\/lbrent.es\/de\/ausruestung-zu-verkaufen\/\" \/>\n<meta property=\"og:locale\" content=\"de_DE\" \/>\n<meta property=\"og:type\" content=\"article\" \/>\n<meta property=\"og:title\" content=\"Ausr\u00fcstung zu verkaufen | LB Oprent\" \/>\n<meta property=\"og:description\" content=\"Home &gt; Ausr\u00fcstung zu verkaufenIndustrielle DienstleistungenAusr\u00fcstung zu verkaufenWie es funktioniertWenn Sie Ihre Industrieanlagen verkaufen m\u00fcssen, ist das LB-Expertenteam die beste L\u00f6sung, um schnell K\u00e4ufer zu finden und immer den besten Preis zu erzielen. Kontaktieren Sie uns f\u00fcr eine auf Ihre Bed\u00fcrfnisse zugeschnittene Studie.LB Oprent positioniert sich alsumfassende L\u00f6sung f\u00fcr die verschiedenendie finanziellen Bed\u00fcrfnisse ihrer Kunden.\" \/>\n<meta property=\"og:url\" content=\"https:\/\/lbrent.es\/de\/ausruestung-zu-verkaufen\/\" \/>\n<meta property=\"og:site_name\" content=\"LB Oprent\" \/>\n<meta property=\"article:modified_time\" content=\"2023-04-18T07:43:06+00:00\" \/>\n<meta property=\"og:image\" content=\"https:\/\/lbrent.es\/wp-content\/uploads\/2023\/03\/LB-Oprent.png\" \/>\n\t<meta property=\"og:image:width\" content=\"496\" \/>\n\t<meta property=\"og:image:height\" content=\"156\" \/>\n\t<meta property=\"og:image:type\" content=\"image\/png\" \/>\n<meta name=\"twitter:card\" content=\"summary_large_image\" \/>\n<meta name=\"twitter:label1\" content=\"Gesch\u00e4tzte Lesezeit\" \/>\n\t<meta name=\"twitter:data1\" content=\"4\u00a0Minuten\" \/>\n<script type=\"application\/ld+json\" class=\"yoast-schema-graph\">{\"@context\":\"https:\\\/\\\/schema.org\",\"@graph\":[{\"@type\":\"WebPage\",\"@id\":\"https:\\\/\\\/lbrent.es\\\/de\\\/ausruestung-zu-verkaufen\\\/\",\"url\":\"https:\\\/\\\/lbrent.es\\\/de\\\/ausruestung-zu-verkaufen\\\/\",\"name\":\"Ausr\u00fcstung zu verkaufen | LB Oprent\",\"isPartOf\":{\"@id\":\"https:\\\/\\\/lbrent.es\\\/de\\\/#website\"},\"datePublished\":\"2023-01-17T15:39:56+00:00\",\"dateModified\":\"2023-04-18T07:43:06+00:00\",\"breadcrumb\":{\"@id\":\"https:\\\/\\\/lbrent.es\\\/de\\\/ausruestung-zu-verkaufen\\\/#breadcrumb\"},\"inLanguage\":\"de\",\"potentialAction\":[{\"@type\":\"ReadAction\",\"target\":[\"https:\\\/\\\/lbrent.es\\\/de\\\/ausruestung-zu-verkaufen\\\/\"]}]},{\"@type\":\"BreadcrumbList\",\"@id\":\"https:\\\/\\\/lbrent.es\\\/de\\\/ausruestung-zu-verkaufen\\\/#breadcrumb\",\"itemListElement\":[{\"@type\":\"ListItem\",\"position\":1,\"name\":\"Inicio\",\"item\":\"https:\\\/\\\/lbrent.es\\\/de\\\/3464-2\\\/\"},{\"@type\":\"ListItem\",\"position\":2,\"name\":\"Ausr\u00fcstung zu verkaufen\"}]},{\"@type\":\"WebSite\",\"@id\":\"https:\\\/\\\/lbrent.es\\\/de\\\/#website\",\"url\":\"https:\\\/\\\/lbrent.es\\\/de\\\/\",\"name\":\"LB Oprent\",\"description\":\"\",\"publisher\":{\"@id\":\"https:\\\/\\\/lbrent.es\\\/de\\\/#organization\"},\"alternateName\":\"Soluciones financieras para empresas industriales en Europa\",\"potentialAction\":[{\"@type\":\"SearchAction\",\"target\":{\"@type\":\"EntryPoint\",\"urlTemplate\":\"https:\\\/\\\/lbrent.es\\\/de\\\/?s={search_term_string}\"},\"query-input\":{\"@type\":\"PropertyValueSpecification\",\"valueRequired\":true,\"valueName\":\"search_term_string\"}}],\"inLanguage\":\"de\"},{\"@type\":\"Organization\",\"@id\":\"https:\\\/\\\/lbrent.es\\\/de\\\/#organization\",\"name\":\"LB Oprent\",\"alternateName\":\"Soluciones financieras para empresas industriales en Europa\",\"url\":\"https:\\\/\\\/lbrent.es\\\/de\\\/\",\"logo\":{\"@type\":\"ImageObject\",\"inLanguage\":\"de\",\"@id\":\"https:\\\/\\\/lbrent.es\\\/de\\\/#\\\/schema\\\/logo\\\/image\\\/\",\"url\":\"https:\\\/\\\/lbrent.es\\\/wp-content\\\/uploads\\\/2023\\\/03\\\/cropped-LB-Oprent-Favicon.png\",\"contentUrl\":\"https:\\\/\\\/lbrent.es\\\/wp-content\\\/uploads\\\/2023\\\/03\\\/cropped-LB-Oprent-Favicon.png\",\"width\":512,\"height\":512,\"caption\":\"LB Oprent\"},\"image\":{\"@id\":\"https:\\\/\\\/lbrent.es\\\/de\\\/#\\\/schema\\\/logo\\\/image\\\/\"}}]}<\/script>\n<!-- \/ Yoast SEO plugin. -->","yoast_head_json":{"title":"Ausr\u00fcstung zu verkaufen | LB Oprent","robots":{"index":"index","follow":"follow","max-snippet":"max-snippet:-1","max-image-preview":"max-image-preview:large","max-video-preview":"max-video-preview:-1"},"canonical":"https:\/\/lbrent.es\/de\/ausruestung-zu-verkaufen\/","og_locale":"de_DE","og_type":"article","og_title":"Ausr\u00fcstung zu verkaufen | LB Oprent","og_description":"Home &gt; Ausr\u00fcstung zu verkaufenIndustrielle DienstleistungenAusr\u00fcstung zu verkaufenWie es funktioniertWenn Sie Ihre Industrieanlagen verkaufen m\u00fcssen, ist das LB-Expertenteam die beste L\u00f6sung, um schnell K\u00e4ufer zu finden und immer den besten Preis zu erzielen. Kontaktieren Sie uns f\u00fcr eine auf Ihre Bed\u00fcrfnisse zugeschnittene Studie.LB Oprent positioniert sich alsumfassende L\u00f6sung f\u00fcr die verschiedenendie finanziellen Bed\u00fcrfnisse ihrer Kunden.","og_url":"https:\/\/lbrent.es\/de\/ausruestung-zu-verkaufen\/","og_site_name":"LB Oprent","article_modified_time":"2023-04-18T07:43:06+00:00","og_image":[{"width":496,"height":156,"url":"https:\/\/lbrent.es\/wp-content\/uploads\/2023\/03\/LB-Oprent.png","type":"image\/png"}],"twitter_card":"summary_large_image","twitter_misc":{"Gesch\u00e4tzte Lesezeit":"4\u00a0Minuten"},"schema":{"@context":"https:\/\/schema.org","@graph":[{"@type":"WebPage","@id":"https:\/\/lbrent.es\/de\/ausruestung-zu-verkaufen\/","url":"https:\/\/lbrent.es\/de\/ausruestung-zu-verkaufen\/","name":"Ausr\u00fcstung zu verkaufen | LB Oprent","isPartOf":{"@id":"https:\/\/lbrent.es\/de\/#website"},"datePublished":"2023-01-17T15:39:56+00:00","dateModified":"2023-04-18T07:43:06+00:00","breadcrumb":{"@id":"https:\/\/lbrent.es\/de\/ausruestung-zu-verkaufen\/#breadcrumb"},"inLanguage":"de","potentialAction":[{"@type":"ReadAction","target":["https:\/\/lbrent.es\/de\/ausruestung-zu-verkaufen\/"]}]},{"@type":"BreadcrumbList","@id":"https:\/\/lbrent.es\/de\/ausruestung-zu-verkaufen\/#breadcrumb","itemListElement":[{"@type":"ListItem","position":1,"name":"Inicio","item":"https:\/\/lbrent.es\/de\/3464-2\/"},{"@type":"ListItem","position":2,"name":"Ausr\u00fcstung zu verkaufen"}]},{"@type":"WebSite","@id":"https:\/\/lbrent.es\/de\/#website","url":"https:\/\/lbrent.es\/de\/","name":"LB Oprent","description":"","publisher":{"@id":"https:\/\/lbrent.es\/de\/#organization"},"alternateName":"Soluciones financieras para empresas industriales en Europa","potentialAction":[{"@type":"SearchAction","target":{"@type":"EntryPoint","urlTemplate":"https:\/\/lbrent.es\/de\/?s={search_term_string}"},"query-input":{"@type":"PropertyValueSpecification","valueRequired":true,"valueName":"search_term_string"}}],"inLanguage":"de"},{"@type":"Organization","@id":"https:\/\/lbrent.es\/de\/#organization","name":"LB Oprent","alternateName":"Soluciones financieras para empresas industriales en Europa","url":"https:\/\/lbrent.es\/de\/","logo":{"@type":"ImageObject","inLanguage":"de","@id":"https:\/\/lbrent.es\/de\/#\/schema\/logo\/image\/","url":"https:\/\/lbrent.es\/wp-content\/uploads\/2023\/03\/cropped-LB-Oprent-Favicon.png","contentUrl":"https:\/\/lbrent.es\/wp-content\/uploads\/2023\/03\/cropped-LB-Oprent-Favicon.png","width":512,"height":512,"caption":"LB Oprent"},"image":{"@id":"https:\/\/lbrent.es\/de\/#\/schema\/logo\/image\/"}}]}},"_links":{"self":[{"href":"https:\/\/lbrent.es\/de\/wp-json\/wp\/v2\/pages\/3002","targetHints":{"allow":["GET"]}}],"collection":[{"href":"https:\/\/lbrent.es\/de\/wp-json\/wp\/v2\/pages"}],"about":[{"href":"https:\/\/lbrent.es\/de\/wp-json\/wp\/v2\/types\/page"}],"author":[{"embeddable":true,"href":"https:\/\/lbrent.es\/de\/wp-json\/wp\/v2\/users\/2"}],"replies":[{"embeddable":true,"href":"https:\/\/lbrent.es\/de\/wp-json\/wp\/v2\/comments?post=3002"}],"version-history":[{"count":1,"href":"https:\/\/lbrent.es\/de\/wp-json\/wp\/v2\/pages\/3002\/revisions"}],"predecessor-version":[{"id":3005,"href":"https:\/\/lbrent.es\/de\/wp-json\/wp\/v2\/pages\/3002\/revisions\/3005"}],"wp:attachment":[{"href":"https:\/\/lbrent.es\/de\/wp-json\/wp\/v2\/media?parent=3002"}],"curies":[{"name":"wp","href":"https:\/\/api.w.org\/{rel}","templated":true}]}}