{"id":3106,"date":"2023-01-13T17:00:56","date_gmt":"2023-01-13T17:00:56","guid":{"rendered":"https:\/\/lbrent.es\/datenschutzbestimmungen\/"},"modified":"2023-04-18T07:59:29","modified_gmt":"2023-04-18T07:59:29","slug":"datenschutzbestimmungen","status":"publish","type":"page","link":"https:\/\/lbrent.es\/de\/datenschutzbestimmungen\/","title":{"rendered":"Datenschutzbestimmungen"},"content":{"rendered":"<p>[et_pb_section fb_built=&#8220;1&#8243; _builder_version=&#8220;4.19.4&#8243; _module_preset=&#8220;default&#8220; use_background_color_gradient=&#8220;on&#8220; background_color_gradient_stops=&#8220;rgba(33,63,143,0.5) 0%|rgba(33,63,143,0.5) 99%&#8220; background_color_gradient_overlays_image=&#8220;on&#8220; background_image=&#8220;https:\/\/lbrent.es\/wp-content\/uploads\/2023\/01\/hero-scaled.jpg&#8220; custom_padding=&#8220;48px||40px||false|&#8220; global_colors_info=&#8220;{}&#8220; theme_builder_area=&#8220;post_content&#8220;][et_pb_row column_structure=&#8220;1_2,1_2&#8243; _builder_version=&#8220;4.19.4&#8243; _module_preset=&#8220;default&#8220; custom_padding=&#8220;0px|||||&#8220; global_colors_info=&#8220;{}&#8220; theme_builder_area=&#8220;post_content&#8220;][et_pb_column type=&#8220;1_2&#8243; _builder_version=&#8220;4.19.4&#8243; _module_preset=&#8220;default&#8220; global_colors_info=&#8220;{}&#8220; theme_builder_area=&#8220;post_content&#8220;][et_pb_text _builder_version=&#8220;4.19.4&#8243; _module_preset=&#8220;default&#8220; text_text_color=&#8220;#FFFFFF&#8220; custom_margin=&#8220;||80px|||&#8220; hover_enabled=&#8220;0&#8243; global_colors_info=&#8220;{}&#8220; theme_builder_area=&#8220;post_content&#8220; sticky_enabled=&#8220;0&#8243;]Home &gt; Datenschutzbestimmungen[\/et_pb_text][et_pb_text disabled_on=&#8220;on|off|off&#8220; _builder_version=&#8220;4.19.4&#8243; _module_preset=&#8220;default&#8220; header_font=&#8220;||||||||&#8220; header_text_align=&#8220;left&#8220; header_text_color=&#8220;#FFFFFF&#8220; header_font_size=&#8220;62px&#8220; header_line_height=&#8220;1.3em&#8220; custom_margin=&#8220;16px||7px|||&#8220; hover_enabled=&#8220;0&#8243; global_colors_info=&#8220;{}&#8220; theme_builder_area=&#8220;post_content&#8220; sticky_enabled=&#8220;0&#8243;]<\/p>\n<h1>Datenschutzbestimmungen<\/h1>\n<p>[\/et_pb_text][\/et_pb_column][et_pb_column type=&#8220;1_2&#8243; _builder_version=&#8220;4.19.4&#8243; _module_preset=&#8220;default&#8220; global_colors_info=&#8220;{}&#8220; theme_builder_area=&#8220;post_content&#8220;][\/et_pb_column][\/et_pb_row][\/et_pb_section][et_pb_section fb_built=&#8220;1&#8243; _builder_version=&#8220;4.19.4&#8243; _module_preset=&#8220;default&#8220; global_colors_info=&#8220;{}&#8220; theme_builder_area=&#8220;post_content&#8220;][et_pb_row _builder_version=&#8220;4.19.4&#8243; _module_preset=&#8220;default&#8220; global_colors_info=&#8220;{}&#8220; theme_builder_area=&#8220;post_content&#8220;][et_pb_column type=&#8220;4_4&#8243; _builder_version=&#8220;4.19.4&#8243; _module_preset=&#8220;default&#8220; global_colors_info=&#8220;{}&#8220; theme_builder_area=&#8220;post_content&#8220;][et_pb_text _builder_version=&#8220;4.19.4&#8243; _module_preset=&#8220;default&#8220; hover_enabled=&#8220;0&#8243; global_colors_info=&#8220;{}&#8220; theme_builder_area=&#8220;post_content&#8220; sticky_enabled=&#8220;0&#8243;]<\/p>\n<h2><strong>WER IST DER F\u00dcR DIE DATENVERARBEITUNG VERANTWORTLICHE?<\/strong><\/h2>\n<p style=\"padding-left: 40px;\">Name: LB OPRENT SA <strong>LB OPRENT SA<\/strong><\/p>\n<p style=\"padding-left: 40px;\">C.I.F.\/N.I.F.: <strong>A86674926<\/strong><\/p>\n<p style=\"padding-left: 40px;\">Eingetragener Sitz: <strong>C\/ Prim 19, 2\u00aa Planta<\/strong><em>, <\/em><strong>28004<\/strong>, <strong>Madrid<\/strong><\/p>\n<p style=\"padding-left: 40px;\">Eingetragen im Handelsregister von Madrid, Blatt M556314, Folio 14, Band 30908, Sektion 8, erster Eintrag.<\/p>\n<p style=\"padding-left: 40px;\">Telefon: <strong>915779998<\/strong><\/p>\n<p style=\"padding-left: 40px;\">E-Mail: <strong>info@lbrent.es<\/strong><\/p>\n<p><strong> <\/strong><\/p>\n<h2><strong>ZU WELCHEM ZWECK VERARBEITEN WIR IHRE PERSONENBEZOGENEN DATEN?<\/strong><\/h2>\n<p>Gem\u00e4\u00df den Bestimmungen der EU-Verordnung 679\/2016 und des Organgesetzes 3\/2018 vom 5. Dezember \u00fcber den Schutz personenbezogener Daten und die Gew\u00e4hrleistung digitaler Rechte informieren wir Sie dar\u00fcber, dass die von Ihnen zur Verf\u00fcgung gestellten personenbezogenen Daten und diejenigen, die w\u00e4hrend der Entwicklung der Beziehung mit Ihnen entstehen, f\u00fcr die folgenden Zwecke verarbeitet werden:<\/p>\n<ul>\n<li style=\"list-style-type: none;\">\n<ul>\n<li style=\"list-style-type: none;\">\n<ul>\n<li style=\"list-style-type: none;\">\n<ul>\n<li>Um Ihre Anfragen zu bearbeiten.<\/li>\n<li>um Ihnen Informationen \u00fcber die Produkte von LB OPRENT SA zukommen zu lassen, wobei Sie sich mit der Zusendung von kommerziellen Mitteilungen per E-Mail oder \u00fcber jedes andere gleichwertige elektronische Kommunikationsmittel (z.B. SMS) einverstanden erkl\u00e4ren, das Sie uns zur Verf\u00fcgung gestellt haben.<\/li>\n<li>Ihnen die Teilnahme an Gewinnspielen oder kommerziellen Aktionen zu erm\u00f6glichen<\/li>\n<li>Wenn Sie uns Ihren Lebenslauf schicken, wird Ihre Bewerbung im Einstellungsverfahren ber\u00fccksichtigt.<\/li>\n<li>Die Zusendung von Mitteilungen, die Sie uns zur Verf\u00fcgung gestellt haben und die sich auf die Aktivit\u00e4ten der Organisation beziehen und die f\u00fcr Sie von Interesse sein k\u00f6nnten, mit allen Mitteln.<\/li>\n<li>Beantwortung von Anfragen, Beschwerden und Vorschl\u00e4gen sowie Durchf\u00fchrung von Kommunikationsma\u00dfnahmen aller Art.<\/li>\n<li>Buchhaltung, Steuern und administrative Verwaltung des Unternehmens.<\/li>\n<\/ul>\n<\/li>\n<\/ul>\n<\/li>\n<\/ul>\n<\/li>\n<\/ul>\n<p>&nbsp;<\/p>\n<h2><strong>Wie lange werden wir Ihre Daten aufbewahren?<\/strong><\/h2>\n<p>Die zur Verf\u00fcgung gestellten personenbezogenen Daten werden so lange aufbewahrt, wie ihre L\u00f6schung nicht von der betroffenen Person oder der Person, die rechtlich als ihr gesetzlicher Vertreter handelt, verlangt wird, und so lange, wie sie f\u00fcr den Zweck, f\u00fcr den sie erhoben oder gespeichert wurden, erforderlich sind &#8211; einschlie\u00dflich der Notwendigkeit, sie f\u00fcr die geltenden oder einschl\u00e4gigen Verj\u00e4hrungsfristen aufzubewahren.<\/p>\n<p>Die Aufbewahrung der Daten h\u00e4ngt von der gesetzlichen Verpflichtung ab, die LB OPRENT SA zur Aufbewahrung der Daten hat. Nach Ablauf dieser Fristen sind die Daten zu vernichten oder zu l\u00f6schen, wobei die L\u00f6schung, Entfernung oder Vernichtung so zu erfolgen hat, dass die auf den Datentr\u00e4gern enthaltenen Informationen nicht wiederherstellbar sind.<\/p>\n<p>&nbsp;<\/p>\n<h2><strong>Legitimation<\/strong><\/h2>\n<p>Die Rechtsgrundlage f\u00fcr die Verarbeitung Ihrer Daten ist die Einwilligung der betroffenen Person. Dies geschieht ausdr\u00fccklich und unmissverst\u00e4ndlich durch das Ausf\u00fcllen und ggf. Absenden der Papier- oder elektronischen Dokumente und Formulare, in denen Ihre Daten erfasst werden. In allen Dokumenten des Unternehmens, die zur Erfassung von Daten f\u00fcr die verschiedenen Verwendungszwecke verwendet werden, finden sich Informationsklauseln gem\u00e4\u00df den Bestimmungen der Datenschutzverordnung, und die Zustimmung wird ausdr\u00fccklich durch die Unterschrift des Betroffenen oder durch \u00dcbersendung der vorhandenen Formulare auf der Website ausgedr\u00fcckt.<\/p>\n<p>Die Verarbeitung ist auch dann rechtm\u00e4\u00dfig, wenn sie f\u00fcr die Erf\u00fcllung eines Vertrags oder die Erbringung einer Dienstleistung gegen\u00fcber den betroffenen Personen, an dem sie beteiligt sind, oder f\u00fcr die Durchf\u00fchrung vorvertraglicher Ma\u00dfnahmen auf deren Antrag hin erforderlich ist (Art. 6.1.a und b DSGVO).<\/p>\n<p>LB OPRENT SA ist auch berechtigt, Ihre Daten zu verarbeiten, um den gesetzlichen Verpflichtungen nachzukommen, denen sie unterliegt, sowie zur Befriedigung berechtigter Interessen, sofern die Interessen oder Grundrechte der betroffenen Personen nicht \u00fcberwiegen.<\/p>\n<p>&nbsp;<\/p>\n<h2><strong>An welche Empf\u00e4nger werden Ihre Daten weitergegeben?<\/strong><\/h2>\n<p>Ihre Daten werden nicht ohne Ihre Zustimmung an andere Stellen weitergegeben, es sei denn, die Weitergabe ist gesetzlich vorgeschrieben. In diesem Zusammenhang wird Ihre ausdr\u00fcckliche Zustimmung f\u00fcr die Weitergabe Ihrer Daten an andere Stellen eingeholt.<\/p>\n<p>Infolge der Verwaltung der genehmigten Zwecke k\u00f6nnen Ihre Daten an Einrichtungen oder Personen weitergegeben werden, die direkt mit LB OPRENT SA und den von ihr erbrachten Dienstleistungen verbunden sind. Ebenso werden Ihre pers\u00f6nlichen Daten den \u00f6ffentlichen Verwaltungen, Richtern und Gerichten zur Verf\u00fcgung gestellt, um eventuelle Verpflichtungen aus der Verarbeitung zu erf\u00fcllen, sofern diese \u00dcbermittlungen gesetzlich gesch\u00fctzt sind.<\/p>\n<p>Ihre Daten k\u00f6nnen auch an Unternehmen weitergegeben werden, die f\u00fcr uns Beratungs-, IT-Wartungs-, Marketing-, Schulungs- oder Pr\u00fcfungsdienstleistungen erbringen. Diese Stellen haben nur Zugang zu personenbezogenen Daten, die f\u00fcr die Erbringung dieser Dienstleistungen erforderlich sind, und sind durch einen &#8222;Datenverarbeitungsvertrag&#8220; verpflichtet, die Vertraulichkeit zu wahren, die Daten nicht f\u00fcr andere Zwecke zu verwenden und Ma\u00dfnahmen zu ergreifen, um die Integrit\u00e4t und Verf\u00fcgbarkeit der Daten zu gew\u00e4hrleisten.<\/p>\n<p>Es sind keine internationalen Daten\u00fcbermittlungen au\u00dferhalb der Europ\u00e4ischen Union oder an Einrichtungen vorgesehen, die die in der EU-Verordnung 679\/2016 festgelegten Datenschutzstandards nicht einhalten.<\/p>\n<p><strong> <\/strong><\/p>\n<h2><strong>Woher stammen Ihre Daten?<\/strong><\/h2>\n<p>Die von LB OPRENT SA verarbeiteten pers\u00f6nlichen Daten werden von der betroffenen Person zur Verf\u00fcgung gestellt oder aus \u00f6ffentlich zug\u00e4nglichen Quellen bezogen.<\/p>\n<p><strong> <\/strong><\/p>\n<h2><strong>Welche Kategorien von Daten werden verarbeitet? <\/strong><strong>LB OPRENT SA<\/strong><strong>?<\/strong><\/h2>\n<p>LB OPRENT SA verarbeitet die Daten, die Sie uns zur Verf\u00fcgung stellen und die zu den folgenden Kategorien geh\u00f6ren k\u00f6nnen:<\/p>\n<ul>\n<li>Identifizierung und Kontaktangaben<\/li>\n<li>Akademische und berufliche Daten<\/li>\n<li>Detaillierte Besch\u00e4ftigungsdaten<\/li>\n<li>Wirtschafts-, Finanz- und Versicherungsdaten<\/li>\n<li>Kommerzielle Informationen<\/li>\n<\/ul>\n<p><strong> <\/strong><\/p>\n<h2><strong>Welche Rechte haben Sie?<\/strong><\/h2>\n<p>Jede Person hat das Recht, eine Best\u00e4tigung dar\u00fcber zu erhalten, ob LB OPRENT SA sie betreffende pers\u00f6nliche Daten verarbeitet oder nicht.<\/p>\n<p>Die betroffenen Personen haben das Recht, auf ihre personenbezogenen Daten zuzugreifen und eine Kopie der verarbeiteten personenbezogenen Daten zu erhalten, sie zu aktualisieren sowie die Berichtigung unrichtiger Daten oder gegebenenfalls ihre L\u00f6schung zu verlangen, wenn die Daten unter anderem f\u00fcr die Zwecke, f\u00fcr die sie erhoben wurden, nicht mehr erforderlich sind.<\/p>\n<p>Unter bestimmten Umst\u00e4nden und aus Gr\u00fcnden, die sich aus ihrer besonderen Situation ergeben, k\u00f6nnen die betroffenen Personen der Verarbeitung ihrer Daten widersprechen. LB OPRENT SA wird die Verarbeitung der Daten einstellen, au\u00dfer aus legitimen Gr\u00fcnden oder zur Geltendmachung eventueller Anspr\u00fcche.<\/p>\n<p>In diesem Fall wird LB OPRENT SA die Daten &#8211; mit Ausnahme ihrer Speicherung &#8211; nur mit Einwilligung der betroffenen Person oder zur Geltendmachung, Aus\u00fcbung oder Verteidigung von Rechtsanspr\u00fcchen oder zum Schutz der Rechte einer anderen nat\u00fcrlichen oder juristischen Person oder aus Gr\u00fcnden eines wichtigen \u00f6ffentlichen Interesses der Union oder eines bestimmten Mitgliedstaats verarbeiten.<\/p>\n<p>Infolge der Anwendung des Rechts auf L\u00f6schung oder auf Widerspruch gegen die Verarbeitung personenbezogener Daten in der Online-Umgebung haben die betroffenen Personen nach der Rechtsprechung des Gerichtshofs der EU das Recht auf Vergessenwerden.  <\/p>\n<p>Im Rahmen des Rechts auf \u00dcbertragbarkeit haben die betroffenen Personen das Recht, die sie betreffenden personenbezogenen Daten in einem strukturierten, g\u00e4ngigen und maschinenlesbaren Format zu erhalten und sie an einen anderen f\u00fcr die Verarbeitung Verantwortlichen zu \u00fcbermitteln.<\/p>\n<p>Jede betroffene Person hat das Recht, nicht einer ausschlie\u00dflich auf einer automatisierten Verarbeitung &#8211; einschlie\u00dflich Profiling &#8211; beruhenden Entscheidung unterworfen zu werden, die ihr gegen\u00fcber rechtliche Wirkung entfaltet oder sie in \u00e4hnlicher Weise erheblich beeintr\u00e4chtigt, vorbehaltlich der in Artikel 22 Absatz 1 DSGVO vorgesehenen Ausnahmen.<\/p>\n<p>Die betroffene Person hat das Recht auf L\u00f6schung ihrer Daten, wenn der Zweck, f\u00fcr den die Daten verarbeitet oder erhoben wurden, entf\u00e4llt, wenn sie ihre Einwilligung widerruft, wenn es sich um die Einwilligung handelt, die die Verarbeitung legitimiert, oder aus den anderen in Artikel 17 DSGVO genannten Gr\u00fcnden. Die L\u00f6schung erfolgt durch hochgradige L\u00f6schung von Daten auf automatisierten Datentr\u00e4gern und physische Vernichtung von nicht automatisierten Datentr\u00e4gern.<\/p>\n<p>&nbsp;<\/p>\n<h2><strong>Wie k\u00f6nnen die Rechte ausge\u00fcbt werden?<\/strong><\/h2>\n<p>Schriftlich unter Beif\u00fcgung einer Kopie des Personalausweises oder eines anderen Dokuments, das die Identit\u00e4t des Interessenten belegt, an die in der \u00dcberschrift genannten Adressen.<\/p>\n<p>&nbsp;<\/p>\n<h2><strong>Welche M\u00f6glichkeiten der Beschwerde gibt es?<\/strong><\/h2>\n<p>Wenn Sie der Meinung sind, dass Ihre Rechte nicht ordnungsgem\u00e4\u00df gewahrt wurden, haben Sie das Recht, eine Beschwerde bei der spanischen Datenschutzbeh\u00f6rde einzureichen, deren Kontaktdaten lauten: Telefon: 901 100 099 \/ 912 663 517. Postanschrift: C\/ Jorge Juan, 6 Madrid.<\/p>\n<p>[\/et_pb_text][\/et_pb_column][\/et_pb_row][\/et_pb_section][et_pb_section fb_built=&#8220;1&#8243; _builder_version=&#8220;4.19.4&#8243; _module_preset=&#8220;default&#8220; custom_padding=&#8220;0px||0px|||&#8220; global_module=&#8220;309&#8243; saved_tabs=&#8220;all&#8220; global_colors_info=&#8220;{}&#8220; theme_builder_area=&#8220;post_content&#8220;][et_pb_row column_structure=&#8220;2_5,3_5&#8243; make_equal=&#8220;on&#8220; _builder_version=&#8220;4.19.4&#8243; _module_preset=&#8220;default&#8220; use_background_color_gradient=&#8220;on&#8220; background_color_gradient_stops=&#8220;#1a3384 0%|#2868df 100%&#8220; width=&#8220;100%&#8220; custom_padding=&#8220;0px||0px|||&#8220; global_colors_info=&#8220;{}&#8220; theme_builder_area=&#8220;post_content&#8220;][et_pb_column type=&#8220;2_5&#8243; _builder_version=&#8220;4.19.4&#8243; _module_preset=&#8220;default&#8220; custom_padding=&#8220;5em|0em|5em|10vw|true|false&#8220; custom_padding_tablet=&#8220;|15vw|||true|false&#8220; custom_padding_phone=&#8220;2em||2em||true|false&#8220; custom_padding_last_edited=&#8220;on|phone&#8220; global_colors_info=&#8220;{}&#8220; theme_builder_area=&#8220;post_content&#8220;][et_pb_text _builder_version=&#8220;4.19.4&#8243; _module_preset=&#8220;default&#8220; header_font=&#8220;DM Sans||||||||&#8220; header_text_color=&#8220;#01003c&#8220; header_font_size=&#8220;48px&#8220; header_line_height=&#8220;1.4em&#8220; header_3_font=&#8220;DM Sans||||||||&#8220; header_3_text_color=&#8220;#FFFFFF&#8220; header_3_font_size=&#8220;40px&#8220; custom_margin=&#8220;16px||100px||false|false&#8220; custom_margin_tablet=&#8220;16px||100px||false|false&#8220; custom_margin_phone=&#8220;16px||80px||false|false&#8220; custom_margin_last_edited=&#8220;on|desktop&#8220; global_colors_info=&#8220;{}&#8220; theme_builder_area=&#8220;post_content&#8220;]<\/p>\n<h3>Wir bieten Ihnen die <span style=\" font-size: 46px; font-style: italic; font-family: 'Times new roman';\">besten Optionen<\/span> f\u00fcr Ihr Unternehmen.<\/h3>\n<p>[\/et_pb_text][et_pb_text _builder_version=&#8220;4.19.4&#8243; _module_preset=&#8220;default&#8220; text_text_color=&#8220;#FFFFFF&#8220; header_2_font=&#8220;DM Sans||||||||&#8220; header_2_text_color=&#8220;#FFFFFF&#8220; header_2_font_size=&#8220;32px&#8220; header_2_line_height=&#8220;1.3em&#8220; custom_margin=&#8220;1px||3px||false|false&#8220; custom_padding=&#8220;|44px||||&#8220; global_colors_info=&#8220;{}&#8220; theme_builder_area=&#8220;post_content&#8220;]<\/p>\n<p>Wenn Sie mit uns Kontakt aufnehmen m\u00f6chten, f\u00fcllen Sie bitte das folgende Formular aus, und wir werden uns so bald wie m\u00f6glich mit Ihnen in Verbindung setzen. Ich danke Ihnen vielmals.<\/p>\n<p>[\/et_pb_text][et_pb_button button_text=&#8220;Kontaktieren Sie uns jetzt&#8220; button_alignment=&#8220;left&#8220; _builder_version=&#8220;4.19.4&#8243; _module_preset=&#8220;default&#8220; custom_button=&#8220;on&#8220; button_text_size=&#8220;18px&#8220; button_text_color=&#8220;#FFFFFF&#8220; button_border_width=&#8220;0px&#8220; button_border_radius=&#8220;0px&#8220; button_icon=&#8220;&#x24;||divi||400&#8243; button_icon_color=&#8220;#0dc0e0&#8243; button_on_hover=&#8220;off&#8220; custom_margin=&#8220;41px|0px|0px|0px|false|false&#8220; custom_padding=&#8220;0px|0px|0px|0px|false|false&#8220; global_colors_info=&#8220;{}&#8220; button_bg_color__hover_enabled=&#8220;on|hover&#8220; theme_builder_area=&#8220;post_content&#8220;][\/et_pb_button][et_pb_divider color=&#8220;#FFFFFF&#8220; _builder_version=&#8220;4.19.4&#8243; _module_preset=&#8220;default&#8220; custom_margin=&#8220;12px||0px||false|false&#8220; custom_padding=&#8220;||0px||false|false&#8220; global_colors_info=&#8220;{}&#8220; theme_builder_area=&#8220;post_content&#8220;][\/et_pb_divider][\/et_pb_column][et_pb_column type=&#8220;3_5&#8243; _builder_version=&#8220;4.19.4&#8243; _module_preset=&#8220;default&#8220; background_image=&#8220;https:\/\/lbrent.es\/wp-content\/uploads\/2023\/01\/hero-scaled.jpg&#8220; global_colors_info=&#8220;{}&#8220; theme_builder_area=&#8220;post_content&#8220;][\/et_pb_column][\/et_pb_row][\/et_pb_section]<\/p>\n","protected":false},"excerpt":{"rendered":"<p>Home &gt; DatenschutzbestimmungenDatenschutzbestimmungenWER IST DER F\u00dcR DIE DATENVERARBEITUNG VERANTWORTLICHE? Name: LB OPRENT SA LB OPRENT SA C.I.F.\/N.I.F.: A86674926 Eingetragener Sitz: C\/ Prim 19, 2\u00aa Planta, 28004, Madrid Eingetragen im Handelsregister von Madrid, Blatt M556314, Folio 14, Band 30908, Sektion 8, erster Eintrag. Telefon: 915779998 E-Mail: info@lbrent.es ZU WELCHEM ZWECK VERARBEITEN WIR IHRE PERSONENBEZOGENEN DATEN? Gem\u00e4\u00df [&hellip;]<\/p>\n","protected":false},"author":2,"featured_media":0,"parent":0,"menu_order":0,"comment_status":"closed","ping_status":"closed","template":"","meta":{"_et_pb_use_builder":"on","_et_pb_old_content":"","_et_gb_content_width":"","footnotes":""},"class_list":["post-3106","page","type-page","status-publish","hentry"],"yoast_head":"<!-- This site is optimized with the Yoast SEO plugin v27.4 - https:\/\/yoast.com\/product\/yoast-seo-wordpress\/ -->\n<title>Datenschutzbestimmungen | LB Oprent<\/title>\n<meta name=\"robots\" content=\"index, follow, max-snippet:-1, max-image-preview:large, max-video-preview:-1\" \/>\n<link rel=\"canonical\" href=\"https:\/\/lbrent.es\/de\/datenschutzbestimmungen\/\" \/>\n<meta property=\"og:locale\" content=\"de_DE\" \/>\n<meta property=\"og:type\" content=\"article\" \/>\n<meta property=\"og:title\" content=\"Datenschutzbestimmungen | LB Oprent\" \/>\n<meta property=\"og:description\" content=\"Home &gt; DatenschutzbestimmungenDatenschutzbestimmungenWER IST DER F\u00dcR DIE DATENVERARBEITUNG VERANTWORTLICHE? Name: LB OPRENT SA LB OPRENT SA C.I.F.\/N.I.F.: A86674926 Eingetragener Sitz: C\/ Prim 19, 2\u00aa Planta, 28004, Madrid Eingetragen im Handelsregister von Madrid, Blatt M556314, Folio 14, Band 30908, Sektion 8, erster Eintrag. Telefon: 915779998 E-Mail: info@lbrent.es ZU WELCHEM ZWECK VERARBEITEN WIR IHRE PERSONENBEZOGENEN DATEN? Gem\u00e4\u00df [&hellip;]\" \/>\n<meta property=\"og:url\" content=\"https:\/\/lbrent.es\/de\/datenschutzbestimmungen\/\" \/>\n<meta property=\"og:site_name\" content=\"LB Oprent\" \/>\n<meta property=\"article:modified_time\" content=\"2023-04-18T07:59:29+00:00\" \/>\n<meta property=\"og:image\" content=\"https:\/\/lbrent.es\/wp-content\/uploads\/2023\/03\/LB-Oprent.png\" \/>\n\t<meta property=\"og:image:width\" content=\"496\" \/>\n\t<meta property=\"og:image:height\" content=\"156\" \/>\n\t<meta property=\"og:image:type\" content=\"image\/png\" \/>\n<meta name=\"twitter:card\" content=\"summary_large_image\" \/>\n<meta name=\"twitter:label1\" content=\"Gesch\u00e4tzte Lesezeit\" \/>\n\t<meta name=\"twitter:data1\" content=\"10\u00a0Minuten\" \/>\n<script type=\"application\/ld+json\" class=\"yoast-schema-graph\">{\"@context\":\"https:\\\/\\\/schema.org\",\"@graph\":[{\"@type\":\"WebPage\",\"@id\":\"https:\\\/\\\/lbrent.es\\\/de\\\/datenschutzbestimmungen\\\/\",\"url\":\"https:\\\/\\\/lbrent.es\\\/de\\\/datenschutzbestimmungen\\\/\",\"name\":\"Datenschutzbestimmungen | LB Oprent\",\"isPartOf\":{\"@id\":\"https:\\\/\\\/lbrent.es\\\/de\\\/#website\"},\"datePublished\":\"2023-01-13T17:00:56+00:00\",\"dateModified\":\"2023-04-18T07:59:29+00:00\",\"breadcrumb\":{\"@id\":\"https:\\\/\\\/lbrent.es\\\/de\\\/datenschutzbestimmungen\\\/#breadcrumb\"},\"inLanguage\":\"de\",\"potentialAction\":[{\"@type\":\"ReadAction\",\"target\":[\"https:\\\/\\\/lbrent.es\\\/de\\\/datenschutzbestimmungen\\\/\"]}]},{\"@type\":\"BreadcrumbList\",\"@id\":\"https:\\\/\\\/lbrent.es\\\/de\\\/datenschutzbestimmungen\\\/#breadcrumb\",\"itemListElement\":[{\"@type\":\"ListItem\",\"position\":1,\"name\":\"Inicio\",\"item\":\"https:\\\/\\\/lbrent.es\\\/de\\\/3464-2\\\/\"},{\"@type\":\"ListItem\",\"position\":2,\"name\":\"Datenschutzbestimmungen\"}]},{\"@type\":\"WebSite\",\"@id\":\"https:\\\/\\\/lbrent.es\\\/de\\\/#website\",\"url\":\"https:\\\/\\\/lbrent.es\\\/de\\\/\",\"name\":\"LB Oprent\",\"description\":\"\",\"publisher\":{\"@id\":\"https:\\\/\\\/lbrent.es\\\/de\\\/#organization\"},\"alternateName\":\"Soluciones financieras para empresas industriales en Europa\",\"potentialAction\":[{\"@type\":\"SearchAction\",\"target\":{\"@type\":\"EntryPoint\",\"urlTemplate\":\"https:\\\/\\\/lbrent.es\\\/de\\\/?s={search_term_string}\"},\"query-input\":{\"@type\":\"PropertyValueSpecification\",\"valueRequired\":true,\"valueName\":\"search_term_string\"}}],\"inLanguage\":\"de\"},{\"@type\":\"Organization\",\"@id\":\"https:\\\/\\\/lbrent.es\\\/de\\\/#organization\",\"name\":\"LB Oprent\",\"alternateName\":\"Soluciones financieras para empresas industriales en Europa\",\"url\":\"https:\\\/\\\/lbrent.es\\\/de\\\/\",\"logo\":{\"@type\":\"ImageObject\",\"inLanguage\":\"de\",\"@id\":\"https:\\\/\\\/lbrent.es\\\/de\\\/#\\\/schema\\\/logo\\\/image\\\/\",\"url\":\"https:\\\/\\\/lbrent.es\\\/wp-content\\\/uploads\\\/2023\\\/03\\\/cropped-LB-Oprent-Favicon.png\",\"contentUrl\":\"https:\\\/\\\/lbrent.es\\\/wp-content\\\/uploads\\\/2023\\\/03\\\/cropped-LB-Oprent-Favicon.png\",\"width\":512,\"height\":512,\"caption\":\"LB Oprent\"},\"image\":{\"@id\":\"https:\\\/\\\/lbrent.es\\\/de\\\/#\\\/schema\\\/logo\\\/image\\\/\"}}]}<\/script>\n<!-- \/ Yoast SEO plugin. -->","yoast_head_json":{"title":"Datenschutzbestimmungen | LB Oprent","robots":{"index":"index","follow":"follow","max-snippet":"max-snippet:-1","max-image-preview":"max-image-preview:large","max-video-preview":"max-video-preview:-1"},"canonical":"https:\/\/lbrent.es\/de\/datenschutzbestimmungen\/","og_locale":"de_DE","og_type":"article","og_title":"Datenschutzbestimmungen | LB Oprent","og_description":"Home &gt; DatenschutzbestimmungenDatenschutzbestimmungenWER IST DER F\u00dcR DIE DATENVERARBEITUNG VERANTWORTLICHE? Name: LB OPRENT SA LB OPRENT SA C.I.F.\/N.I.F.: A86674926 Eingetragener Sitz: C\/ Prim 19, 2\u00aa Planta, 28004, Madrid Eingetragen im Handelsregister von Madrid, Blatt M556314, Folio 14, Band 30908, Sektion 8, erster Eintrag. Telefon: 915779998 E-Mail: info@lbrent.es ZU WELCHEM ZWECK VERARBEITEN WIR IHRE PERSONENBEZOGENEN DATEN? Gem\u00e4\u00df [&hellip;]","og_url":"https:\/\/lbrent.es\/de\/datenschutzbestimmungen\/","og_site_name":"LB Oprent","article_modified_time":"2023-04-18T07:59:29+00:00","og_image":[{"width":496,"height":156,"url":"https:\/\/lbrent.es\/wp-content\/uploads\/2023\/03\/LB-Oprent.png","type":"image\/png"}],"twitter_card":"summary_large_image","twitter_misc":{"Gesch\u00e4tzte Lesezeit":"10\u00a0Minuten"},"schema":{"@context":"https:\/\/schema.org","@graph":[{"@type":"WebPage","@id":"https:\/\/lbrent.es\/de\/datenschutzbestimmungen\/","url":"https:\/\/lbrent.es\/de\/datenschutzbestimmungen\/","name":"Datenschutzbestimmungen | LB Oprent","isPartOf":{"@id":"https:\/\/lbrent.es\/de\/#website"},"datePublished":"2023-01-13T17:00:56+00:00","dateModified":"2023-04-18T07:59:29+00:00","breadcrumb":{"@id":"https:\/\/lbrent.es\/de\/datenschutzbestimmungen\/#breadcrumb"},"inLanguage":"de","potentialAction":[{"@type":"ReadAction","target":["https:\/\/lbrent.es\/de\/datenschutzbestimmungen\/"]}]},{"@type":"BreadcrumbList","@id":"https:\/\/lbrent.es\/de\/datenschutzbestimmungen\/#breadcrumb","itemListElement":[{"@type":"ListItem","position":1,"name":"Inicio","item":"https:\/\/lbrent.es\/de\/3464-2\/"},{"@type":"ListItem","position":2,"name":"Datenschutzbestimmungen"}]},{"@type":"WebSite","@id":"https:\/\/lbrent.es\/de\/#website","url":"https:\/\/lbrent.es\/de\/","name":"LB Oprent","description":"","publisher":{"@id":"https:\/\/lbrent.es\/de\/#organization"},"alternateName":"Soluciones financieras para empresas industriales en Europa","potentialAction":[{"@type":"SearchAction","target":{"@type":"EntryPoint","urlTemplate":"https:\/\/lbrent.es\/de\/?s={search_term_string}"},"query-input":{"@type":"PropertyValueSpecification","valueRequired":true,"valueName":"search_term_string"}}],"inLanguage":"de"},{"@type":"Organization","@id":"https:\/\/lbrent.es\/de\/#organization","name":"LB Oprent","alternateName":"Soluciones financieras para empresas industriales en Europa","url":"https:\/\/lbrent.es\/de\/","logo":{"@type":"ImageObject","inLanguage":"de","@id":"https:\/\/lbrent.es\/de\/#\/schema\/logo\/image\/","url":"https:\/\/lbrent.es\/wp-content\/uploads\/2023\/03\/cropped-LB-Oprent-Favicon.png","contentUrl":"https:\/\/lbrent.es\/wp-content\/uploads\/2023\/03\/cropped-LB-Oprent-Favicon.png","width":512,"height":512,"caption":"LB Oprent"},"image":{"@id":"https:\/\/lbrent.es\/de\/#\/schema\/logo\/image\/"}}]}},"_links":{"self":[{"href":"https:\/\/lbrent.es\/de\/wp-json\/wp\/v2\/pages\/3106","targetHints":{"allow":["GET"]}}],"collection":[{"href":"https:\/\/lbrent.es\/de\/wp-json\/wp\/v2\/pages"}],"about":[{"href":"https:\/\/lbrent.es\/de\/wp-json\/wp\/v2\/types\/page"}],"author":[{"embeddable":true,"href":"https:\/\/lbrent.es\/de\/wp-json\/wp\/v2\/users\/2"}],"replies":[{"embeddable":true,"href":"https:\/\/lbrent.es\/de\/wp-json\/wp\/v2\/comments?post=3106"}],"version-history":[{"count":1,"href":"https:\/\/lbrent.es\/de\/wp-json\/wp\/v2\/pages\/3106\/revisions"}],"predecessor-version":[{"id":3110,"href":"https:\/\/lbrent.es\/de\/wp-json\/wp\/v2\/pages\/3106\/revisions\/3110"}],"wp:attachment":[{"href":"https:\/\/lbrent.es\/de\/wp-json\/wp\/v2\/media?parent=3106"}],"curies":[{"name":"wp","href":"https:\/\/api.w.org\/{rel}","templated":true}]}}