{"id":3282,"date":"2023-01-13T16:39:49","date_gmt":"2023-01-13T16:39:49","guid":{"rendered":"https:\/\/lbrent.es\/rechtlicher-hinweis\/"},"modified":"2024-04-24T10:52:26","modified_gmt":"2024-04-24T10:52:26","slug":"rechtlicher-hinweis","status":"publish","type":"page","link":"https:\/\/lbrent.es\/de\/rechtlicher-hinweis\/","title":{"rendered":"Rechtlicher Hinweis"},"content":{"rendered":"<p>[et_pb_section fb_built=&#8220;1&#8243; _builder_version=&#8220;4.19.4&#8243; _module_preset=&#8220;default&#8220; use_background_color_gradient=&#8220;on&#8220; background_color_gradient_stops=&#8220;rgba(33,63,143,0.5) 0%|rgba(33,63,143,0.5) 99%&#8220; background_color_gradient_overlays_image=&#8220;on&#8220; background_image=&#8220;https:\/\/lbrent.es\/wp-content\/uploads\/2023\/01\/hero-scaled.jpg&#8220; custom_padding=&#8220;48px||40px||false|&#8220; global_colors_info=&#8220;{}&#8220;][et_pb_row column_structure=&#8220;1_2,1_2&#8243; _builder_version=&#8220;4.19.4&#8243; _module_preset=&#8220;default&#8220; custom_padding=&#8220;0px|||||&#8220; global_colors_info=&#8220;{}&#8220;][et_pb_column type=&#8220;1_2&#8243; _builder_version=&#8220;4.19.4&#8243; _module_preset=&#8220;default&#8220; global_colors_info=&#8220;{}&#8220;][et_pb_text _builder_version=&#8220;4.19.4&#8243; _module_preset=&#8220;default&#8220; text_text_color=&#8220;#FFFFFF&#8220; custom_margin=&#8220;||80px|||&#8220; global_colors_info=&#8220;{}&#8220;]<\/p>\n<p>Home &gt; Rechtliche Hinweise<\/p>\n<p>[\/et_pb_text][et_pb_text disabled_on=&#8220;on|off|off&#8220; _builder_version=&#8220;4.19.4&#8243; _module_preset=&#8220;default&#8220; header_font=&#8220;||||||||&#8220; header_text_align=&#8220;left&#8220; header_text_color=&#8220;#FFFFFF&#8220; header_font_size=&#8220;62px&#8220; header_line_height=&#8220;1.3em&#8220; custom_margin=&#8220;16px||7px|||&#8220; global_colors_info=&#8220;{}&#8220;]<\/p>\n<h1>Rechtlicher Hinweis<\/h1>\n<p>[\/et_pb_text][\/et_pb_column][et_pb_column type=&#8220;1_2&#8243; _builder_version=&#8220;4.19.4&#8243; _module_preset=&#8220;default&#8220; global_colors_info=&#8220;{}&#8220;][\/et_pb_column][\/et_pb_row][\/et_pb_section][et_pb_section fb_built=&#8220;1&#8243; _builder_version=&#8220;4.19.4&#8243; _module_preset=&#8220;default&#8220; global_colors_info=&#8220;{}&#8220;][et_pb_row _builder_version=&#8220;4.19.4&#8243; _module_preset=&#8220;default&#8220; global_colors_info=&#8220;{}&#8220;][et_pb_column type=&#8220;4_4&#8243; _builder_version=&#8220;4.19.4&#8243; _module_preset=&#8220;default&#8220; global_colors_info=&#8220;{}&#8220;][et_pb_text _builder_version=&#8220;4.24.2&#8243; _module_preset=&#8220;default&#8220; hover_enabled=&#8220;0&#8243; global_colors_info=&#8220;{}&#8220; sticky_enabled=&#8220;0&#8243;]<\/p>\n<h2><strong>Angaben zur verantwortlichen Person<\/strong><\/h2>\n<p>In \u00dcbereinstimmung mit den Bestimmungen von Artikel 10 des Gesetzes 34\/2002 vom 11. Juli \u00fcber die Dienste der Informationsgesellschaft und den elektronischen Gesch\u00e4ftsverkehr werden im Folgenden die Identifikationsdaten der f\u00fcr die Erbringung der Dienste verantwortlichen Person angegeben.<\/p>\n<p>&nbsp;<\/p>\n<p style=\"padding-left: 40px;\">Name des Unternehmens: <strong>LB OPRENT SA<\/strong><\/p>\n<p style=\"padding-left: 40px;\">C.I.F.\/N.I.F.: <strong>A86674926<\/strong><\/p>\n<p style=\"padding-left: 40px;\">Eingetragener Sitz: <strong>C\/ Prim 19, 2\u00aa Planta<\/strong><em>, <\/em><strong>28004<\/strong>, <strong>Madrid<\/strong><\/p>\n<p style=\"padding-left: 40px;\">Eingetragen im Handelsregister von Madrid, Blatt M556314, Folio 14, Band 30908, Sektion 8, erster Eintrag.<\/p>\n<p style=\"padding-left: 40px;\">Telefon: <strong>915779998<\/strong><\/p>\n<p style=\"padding-left: 40px;\">E-Mail: <strong>info@lbrent.es<\/strong><\/p>\n<p>&nbsp;<\/p>\n<h2><strong>Geistiges Eigentum<\/strong><\/h2>\n<p>Der Quellcode, das grafische Design, die Bilder, die Fotos, die T\u00f6ne, die Animationen, die Software, die Texte sowie die Informationen und Inhalte dieser Website sind durch die spanische Gesetzgebung zum Schutz des geistigen und gewerblichen Eigentums zugunsten von LB OPRENT, S.A. gesch\u00fctzt, und die Reproduktion und\/oder Ver\u00f6ffentlichung, ganz oder teilweise, der Website, ihre elektronische Verarbeitung, Verteilung, Verbreitung, Ver\u00e4nderung, Umwandlung oder Dekompilierung sowie alle anderen gesetzlich anerkannten Rechte des Eigent\u00fcmers sind ohne vorherige schriftliche Zustimmung von LB OPRENT, S.A. nicht gestattet.<\/p>\n<p>Der Nutzer darf das auf dieser Website erscheinende Material nur und ausschlie\u00dflich f\u00fcr seinen pers\u00f6nlichen und privaten Gebrauch nutzen. Es ist verboten, es f\u00fcr kommerzielle Zwecke oder illegale Aktivit\u00e4ten zu nutzen. Alle geistigen Eigentumsrechte sind ausdr\u00fccklich LB OPRENT,S.A. vorbehalten.<\/p>\n<p>&nbsp;<\/p>\n<p>LB OPRENT,S.A. wacht \u00fcber die Einhaltung der oben genannten Bedingungen sowie \u00fcber die korrekte Nutzung der auf ihren Webseiten dargestellten Inhalte und wird im Falle einer Verletzung oder Nichteinhaltung dieser Rechte durch den Nutzer entsprechende zivil- oder strafrechtliche Schritte einleiten.<\/p>\n<p>&nbsp;<\/p>\n<h2><strong>Schutz von personenbezogenen Daten<\/strong><\/h2>\n<p>Ihre pers\u00f6nlichen Daten werden von LB OPRENT, S.A., mit Sitz in C\/ Prim 19, 2\u00aa Planta, 28004, Madrid, verarbeitet. Der Zweck ist die Verwaltung von Daten, die in den Formularen auf der Website erfasst werden, die Verwaltung von Kontakten, die Durchf\u00fchrung von kommerziellen Kommunikationsaktionen und die Beantwortung von Anfragen und Vorschl\u00e4gen, wobei Ihre Zustimmung obligatorisch ist, was der legitime Grund f\u00fcr diese Verarbeitung ist. Wenn Sie diese nicht angeben, k\u00f6nnen wir Ihrer Anfrage nicht nachkommen. Diese Daten werden auf unbestimmte Zeit aufbewahrt, sofern Sie nicht ausdr\u00fccklich etwas anderes w\u00fcnschen.<\/p>\n<p>Ihre Daten werden nicht ohne Ihre vorherige Zustimmung an andere Unternehmen weitergegeben.<\/p>\n<p>&nbsp;<\/p>\n<p>Sie k\u00f6nnen Ihre Rechte auf Auskunft, Berichtigung, Einschr\u00e4nkung der Verarbeitung, Unterdr\u00fcckung, \u00dcbertragbarkeit, L\u00f6schung und Widerruf der erteilten Zustimmung aus\u00fcben, indem Sie ein Schreiben mit einer Kopie Ihres Personalausweises an die oben genannte Adresse oder an die folgende E-Mail-Adresse senden: <a href=\"mailto:info@lbrent.es\">info@lbrent.es.<\/a> Wenn Ihre Rechte nicht respektiert werden, k\u00f6nnen Sie Ihre Beschwerde auch bei der spanischen Datenschutzbeh\u00f6rde einreichen. Ausf\u00fchrliche Informationen \u00fcber die Verarbeitung Ihrer Daten finden Sie in der Rubrik &#8222;Datenschutz&#8220; auf dieser Website.<\/p>\n<p>&nbsp;<\/p>\n<h2>Rechtliche Warnungen<\/h2>\n<p>\u00dcber den Inhalt der Website<\/p>\n<p style=\"padding-left: 40px;\"><strong>A.<\/strong>&#8211; LB OPRENT,S.A. beh\u00e4lt sich das Recht vor, die auf ihrer Website enthaltenen Informationen sowie deren Konfiguration und Pr\u00e4sentation ohne vorherige Ank\u00fcndigung zu \u00e4ndern.<\/p>\n<p style=\"padding-left: 40px;\"><strong>B.<\/strong>&#8211; LB OPRENT, S.A. verpflichtet sich hiermit, KEINE MISLEADING-WERBUNG zu betreiben. In diesem Sinne sind formale oder numerische Fehler, die in den verschiedenen Bereichen der Website von LB OPRENT,S.A. auftreten k\u00f6nnen und die auf eine unvollst\u00e4ndige oder fehlerhafte Wartung und\/oder Aktualisierung der in diesen Bereichen enthaltenen Informationen zur\u00fcckzuf\u00fchren sind, nicht als irref\u00fchrende Werbung anzusehen. LB OPRENT,S.A. verpflichtet sich als Folge der Bestimmungen dieses Absatzes, diese zu korrigieren, sobald sie von solchen Fehlern Kenntnis erh\u00e4lt.<\/p>\n<p style=\"padding-left: 40px;\"><strong>C<\/strong>.- LB OPRENT, S.A. verpflichtet sich, gem\u00e4\u00df dem Gesetz 34\/2002 \u00fcber die Informationsgesellschaft und die Dienstleistungen des elektronischen Handels KEINE WERBEKORRESSION zu versenden, ohne sie als solche zu kennzeichnen. Zu diesen Zwecken werden alle Informationen, die an interessierte Parteien gesendet werden, nicht als kommerzielle Kommunikation betrachtet, vorausgesetzt, ihr Zweck ist die Aufrechterhaltung der bestehenden Beziehung sowie die Erf\u00fcllung von Informationsaufgaben und anderen Aktivit\u00e4ten der Einrichtung.<\/p>\n<p style=\"padding-left: 40px;\"><strong>D.<\/strong>&#8211; LB OPRENT,S.A. ist nicht verantwortlich f\u00fcr die Nichteinhaltung geltender Vorschriften durch den Benutzer beim Zugriff auf diese Website und\/oder die Nutzung der darin enthaltenen Informationen.<\/p>\n<p style=\"padding-left: 40px;\"><strong>E.<\/strong>&#8211; LB OPRENT,S.A. haftet nicht f\u00fcr Sch\u00e4den, die durch die Nutzung der auf dieser Website enthaltenen Informationen, Materialien und Programme entstehen oder entstehen k\u00f6nnten, gleich welcher Art. Die Links und Hypertexte, die es dem Benutzer erm\u00f6glichen, \u00fcber die Website auf Funktionen und Dienstleistungen zuzugreifen, die von Dritten angeboten werden, geh\u00f6ren nicht zu LB OPRENT,S.A. und stehen nicht unter der Kontrolle von LB OPRENT,S.A. LB OPRENT,S.A. ist weder f\u00fcr die darin enthaltenen Informationen noch f\u00fcr die Auswirkungen verantwortlich, die sich aus diesen Informationen ergeben k\u00f6nnen.<\/p>\n<p style=\"padding-left: 40px;\"><strong>F.<\/strong>&#8211; LB OPRENT,S.A. ist nicht verantwortlich f\u00fcr die unrechtm\u00e4\u00dfige Verwendung von Marken-, Produkt- und Handelsnamen, die auf dieser Website erscheinen und nicht Eigentum von LB OPRENT,S.A. sind, durch Dritte. Sie ist auch nicht verantwortlich f\u00fcr die Integrit\u00e4t, Wahrhaftigkeit und Rechtm\u00e4\u00dfigkeit des Inhalts der Links zu den Websites, die von dieser Website aus aufgerufen werden k\u00f6nnen.<\/p>\n<p style=\"padding-left: 40px;\"><strong>G.<\/strong>&#8211; Kurz gesagt, der Nutzer ist allein verantwortlich f\u00fcr die Nutzung der Dienste, Inhalte, Links und Hypertexte auf dieser Website.<\/p>\n<p style=\"padding-left: 40px;\">\n<h2>\u00dcber Produkte und Dienstleistungen<\/h2>\n<p style=\"padding-left: 40px;\"><strong>A.<\/strong>&#8211; Die von LB OPRENT, S.A. angebotenen Produkte und Dienstleistungen wurden entwickelt, um die Bed\u00fcrfnisse von Industrie- und anderen Unternehmen zu erf\u00fcllen. Es handelt sich um komplexe Produkte, die f\u00fcr Privatpersonen nicht geeignet sind. Die enthaltenen Beschreibungen m\u00f6glicher Finanzierungsalternativen sowie m\u00f6glicher Produkte, die Unternehmen zur Verf\u00fcgung stehen, stellen keine geschlossenen Strukturen oder Operationen dar und sind illustrativ und nicht ersch\u00f6pfend.<\/p>\n<p style=\"padding-left: 40px;\"><strong>B.<\/strong>&#8211; Die Beteiligung von LB OPRENT, S.A. an einer bestimmten Transaktion erfordert die Unterzeichnung einer verbindlichen Dokumentation durch den Kunden. Der Inhalt dieser Website kann nicht als Aufforderung, Angebot oder Verpflichtung jeglicher Art verstanden werden, weder in Bezug auf die Struktur noch auf das Ergebnis f\u00fcr die individuellen Bed\u00fcrfnisse jedes Kunden, die von Fall zu Fall gepr\u00fcft werden m\u00fcssen. Ebenso wenig garantiert LB OPRENT, S.A. die Erlangung von Finanzierungen jeglicher Art und tritt auch nicht als Vertreter oder Vermittler der an den potenziellen Transaktionen beteiligten Parteien auf.  <\/p>\n<p style=\"padding-left: 40px;\"><strong>C.<\/strong>-Die auf dieser Website enthaltenen Aussagen und Daten sollen dem Nutzer das Verst\u00e4ndnis der T\u00e4tigkeit von LB als Strukturierungsberater erleichtern und m\u00f6gliche Finanzierungsmodelle oder -strukturen veranschaulichen, die in jedem Fall von den betroffenen Verm\u00f6genswerten und den jeweils beteiligten Parteien abh\u00e4ngen. Die auf dieser Website vorgeschlagenen Strukturen, die Merkmale der vorgeschlagenen Finanzierungen und\/oder Gesch\u00e4ftsmodelle sowie die Vorteile, die sich aus der m\u00f6glichen Strukturierung einer Finanzierung in der hier beschriebenen Weise ergeben, dienen lediglich der Veranschaulichung und sind nicht ersch\u00f6pfend. Die Formalisierung einer Finanzierung unterliegt in jedem Fall dem Erhalt aller erforderlichen Genehmigungen durch die betreffenden Teilnehmer, der Bewertung durch unabh\u00e4ngige Experten, die von den Parteien ausgew\u00e4hlt werden, sowie einer gr\u00fcndlichen Due Diligence und der Formalisierung aller erforderlichen Unterlagen. Auch gibt es keine Garantie f\u00fcr eine bestimmte buchhalterische Behandlung einer Transaktion, sobald sie abgeschlossen ist.<\/p>\n<p style=\"padding-left: 40px;\">\n<p style=\"padding-left: 40px;\">Auf der Grundlage der obigen Ausf\u00fchrungen kann weder LB OPRENT,. S.A. noch ihre Angestellten, Aktion\u00e4re, Verwalter, Berater oder Partner \u00fcbernehmen irgendeine Verantwortung f\u00fcr den Inhalt dieser Website, die \u00fcber die geltenden Vorschriften hinausgeht, noch f\u00fcr die Nutzung oder teilweise oder vollst\u00e4ndige Reproduktion derselben au\u00dferhalb der hier beschriebenen Grenzen oder durch unbefugte Dritte, noch f\u00fcr die Richtigkeit der darin enthaltenen Daten, Aussagen oder Prognosen.  <\/p>\n<p style=\"padding-left: 40px;\">[\/et_pb_text][\/et_pb_column][\/et_pb_row][\/et_pb_section][et_pb_section fb_built=&#8220;1&#8243; _builder_version=&#8220;4.19.4&#8243; _module_preset=&#8220;default&#8220; custom_padding=&#8220;0px||0px|||&#8220; global_module=&#8220;309&#8243; saved_tabs=&#8220;all&#8220; global_colors_info=&#8220;{}&#8220;][et_pb_row column_structure=&#8220;2_5,3_5&#8243; make_equal=&#8220;on&#8220; _builder_version=&#8220;4.19.4&#8243; _module_preset=&#8220;default&#8220; use_background_color_gradient=&#8220;on&#8220; background_color_gradient_stops=&#8220;#1a3384 0%|#2868df 100%&#8220; width=&#8220;100%&#8220; custom_padding=&#8220;0px||0px|||&#8220; global_colors_info=&#8220;{}&#8220;][et_pb_column type=&#8220;2_5&#8243; _builder_version=&#8220;4.19.4&#8243; _module_preset=&#8220;default&#8220; custom_padding=&#8220;5em|0em|5em|10vw|true|false&#8220; custom_padding_tablet=&#8220;|15vw|||true|false&#8220; custom_padding_phone=&#8220;2em||2em||true|false&#8220; custom_padding_last_edited=&#8220;on|phone&#8220; global_colors_info=&#8220;{}&#8220;][et_pb_text _builder_version=&#8220;4.19.4&#8243; _module_preset=&#8220;default&#8220; header_font=&#8220;DM Sans||||||||&#8220; header_text_color=&#8220;#01003c&#8220; header_font_size=&#8220;48px&#8220; header_line_height=&#8220;1.4em&#8220; header_3_font=&#8220;DM Sans||||||||&#8220; header_3_text_color=&#8220;#FFFFFF&#8220; header_3_font_size=&#8220;2.6em&#8220; custom_margin=&#8220;16px||100px||false|false&#8220; custom_margin_tablet=&#8220;16px||100px||false|false&#8220; custom_margin_phone=&#8220;16px||80px||false|false&#8220; custom_margin_last_edited=&#8220;on|desktop&#8220; global_colors_info=&#8220;{}&#8220;]<\/p>\n<h3>Wir bieten Ihnen die <span style=\" font-size: 1.12em; font-style: italic; font-family: 'Times new roman';\">besten Optionen<\/span> f\u00fcr Ihr Unternehmen.<\/h3>\n<p>[\/et_pb_text][et_pb_text _builder_version=&#8220;4.19.4&#8243; _module_preset=&#8220;default&#8220; text_text_color=&#8220;#FFFFFF&#8220; text_font_size=&#8220;1em&#8220; header_2_font=&#8220;DM Sans||||||||&#8220; header_2_text_color=&#8220;#FFFFFF&#8220; header_2_font_size=&#8220;32px&#8220; header_2_line_height=&#8220;1.3em&#8220; custom_margin=&#8220;1px||3px||false|false&#8220; custom_padding=&#8220;|44px||||&#8220; global_colors_info=&#8220;{}&#8220;]<\/p>\n<p>Wenn Sie mit uns Kontakt aufnehmen m\u00f6chten, f\u00fcllen Sie bitte das folgende Formular aus, und wir werden uns so bald wie m\u00f6glich mit Ihnen in Verbindung setzen. Ich danke Ihnen vielmals.<\/p>\n<p>[\/et_pb_text][et_pb_button button_url=&#8220;https:\/\/lbrent.es\/de\/kontakt\/&#8220; button_text=&#8220;Kontaktieren Sie uns jetzt&#8220; button_alignment=&#8220;left&#8220; _builder_version=&#8220;4.19.4&#8243; _module_preset=&#8220;default&#8220; custom_button=&#8220;on&#8220; button_text_size=&#8220;1.12em&#8220; button_text_color=&#8220;#FFFFFF&#8220; button_border_width=&#8220;0px&#8220; button_border_radius=&#8220;0px&#8220; button_icon=&#8220;&#x24;||divi||400&#8243; button_icon_color=&#8220;#0dc0e0&#8243; button_on_hover=&#8220;off&#8220; custom_margin=&#8220;41px|0px|0px|0px|false|false&#8220; custom_padding=&#8220;0px|0px|0px|0px|false|false&#8220; global_colors_info=&#8220;{}&#8220; button_bg_color__hover_enabled=&#8220;on|hover&#8220;][\/et_pb_button][et_pb_divider color=&#8220;#FFFFFF&#8220; _builder_version=&#8220;4.19.4&#8243; _module_preset=&#8220;default&#8220; custom_margin=&#8220;12px||0px||false|false&#8220; custom_padding=&#8220;||0px||false|false&#8220; global_colors_info=&#8220;{}&#8220;][\/et_pb_divider][\/et_pb_column][et_pb_column type=&#8220;3_5&#8243; disabled_on=&#8220;on|on|off&#8220; _builder_version=&#8220;4.19.4&#8243; _module_preset=&#8220;default&#8220; background_image=&#8220;https:\/\/lbrent.es\/wp-content\/uploads\/2023\/01\/LB-9.jpg&#8220; global_colors_info=&#8220;{}&#8220;][\/et_pb_column][\/et_pb_row][\/et_pb_section]<\/p>\n","protected":false},"excerpt":{"rendered":"<p>Home &gt; Rechtliche HinweiseRechtlicher HinweisAngaben zur verantwortlichen Person In \u00dcbereinstimmung mit den Bestimmungen von Artikel 10 des Gesetzes 34\/2002 vom 11. Juli \u00fcber die Dienste der Informationsgesellschaft und den elektronischen Gesch\u00e4ftsverkehr werden im Folgenden die Identifikationsdaten der f\u00fcr die Erbringung der Dienste verantwortlichen Person angegeben. &nbsp; Name des Unternehmens: LB OPRENT SA C.I.F.\/N.I.F.: A86674926 Eingetragener [&hellip;]<\/p>\n","protected":false},"author":2,"featured_media":0,"parent":0,"menu_order":0,"comment_status":"closed","ping_status":"closed","template":"","meta":{"_et_pb_use_builder":"on","_et_pb_old_content":"","_et_gb_content_width":"","footnotes":""},"class_list":["post-3282","page","type-page","status-publish","hentry"],"yoast_head":"<!-- This site is optimized with the Yoast SEO plugin v27.3 - https:\/\/yoast.com\/product\/yoast-seo-wordpress\/ -->\n<title>Rechtlicher Hinweis | LB Oprent<\/title>\n<meta name=\"robots\" content=\"index, follow, max-snippet:-1, max-image-preview:large, max-video-preview:-1\" \/>\n<link rel=\"canonical\" href=\"https:\/\/lbrent.es\/de\/rechtlicher-hinweis\/\" \/>\n<meta property=\"og:locale\" content=\"de_DE\" \/>\n<meta property=\"og:type\" content=\"article\" \/>\n<meta property=\"og:title\" content=\"Rechtlicher Hinweis | LB Oprent\" \/>\n<meta property=\"og:description\" content=\"Home &gt; Rechtliche HinweiseRechtlicher HinweisAngaben zur verantwortlichen Person In \u00dcbereinstimmung mit den Bestimmungen von Artikel 10 des Gesetzes 34\/2002 vom 11. Juli \u00fcber die Dienste der Informationsgesellschaft und den elektronischen Gesch\u00e4ftsverkehr werden im Folgenden die Identifikationsdaten der f\u00fcr die Erbringung der Dienste verantwortlichen Person angegeben. &nbsp; Name des Unternehmens: LB OPRENT SA C.I.F.\/N.I.F.: A86674926 Eingetragener [&hellip;]\" \/>\n<meta property=\"og:url\" content=\"https:\/\/lbrent.es\/de\/rechtlicher-hinweis\/\" \/>\n<meta property=\"og:site_name\" content=\"LB Oprent\" \/>\n<meta property=\"article:modified_time\" content=\"2024-04-24T10:52:26+00:00\" \/>\n<meta property=\"og:image\" content=\"https:\/\/lbrent.es\/wp-content\/uploads\/2023\/03\/LB-Oprent.png\" \/>\n\t<meta property=\"og:image:width\" content=\"496\" \/>\n\t<meta property=\"og:image:height\" content=\"156\" \/>\n\t<meta property=\"og:image:type\" content=\"image\/png\" \/>\n<meta name=\"twitter:card\" content=\"summary_large_image\" \/>\n<meta name=\"twitter:label1\" content=\"Gesch\u00e4tzte Lesezeit\" \/>\n\t<meta name=\"twitter:data1\" content=\"9\u00a0Minuten\" \/>\n<script type=\"application\/ld+json\" class=\"yoast-schema-graph\">{\"@context\":\"https:\\\/\\\/schema.org\",\"@graph\":[{\"@type\":\"WebPage\",\"@id\":\"https:\\\/\\\/lbrent.es\\\/de\\\/rechtlicher-hinweis\\\/\",\"url\":\"https:\\\/\\\/lbrent.es\\\/de\\\/rechtlicher-hinweis\\\/\",\"name\":\"Rechtlicher Hinweis | LB Oprent\",\"isPartOf\":{\"@id\":\"https:\\\/\\\/lbrent.es\\\/de\\\/#website\"},\"datePublished\":\"2023-01-13T16:39:49+00:00\",\"dateModified\":\"2024-04-24T10:52:26+00:00\",\"breadcrumb\":{\"@id\":\"https:\\\/\\\/lbrent.es\\\/de\\\/rechtlicher-hinweis\\\/#breadcrumb\"},\"inLanguage\":\"de\",\"potentialAction\":[{\"@type\":\"ReadAction\",\"target\":[\"https:\\\/\\\/lbrent.es\\\/de\\\/rechtlicher-hinweis\\\/\"]}]},{\"@type\":\"BreadcrumbList\",\"@id\":\"https:\\\/\\\/lbrent.es\\\/de\\\/rechtlicher-hinweis\\\/#breadcrumb\",\"itemListElement\":[{\"@type\":\"ListItem\",\"position\":1,\"name\":\"Inicio\",\"item\":\"https:\\\/\\\/lbrent.es\\\/de\\\/3464-2\\\/\"},{\"@type\":\"ListItem\",\"position\":2,\"name\":\"Rechtlicher Hinweis\"}]},{\"@type\":\"WebSite\",\"@id\":\"https:\\\/\\\/lbrent.es\\\/de\\\/#website\",\"url\":\"https:\\\/\\\/lbrent.es\\\/de\\\/\",\"name\":\"LB Oprent\",\"description\":\"\",\"publisher\":{\"@id\":\"https:\\\/\\\/lbrent.es\\\/de\\\/#organization\"},\"alternateName\":\"Soluciones financieras para empresas industriales en Europa\",\"potentialAction\":[{\"@type\":\"SearchAction\",\"target\":{\"@type\":\"EntryPoint\",\"urlTemplate\":\"https:\\\/\\\/lbrent.es\\\/de\\\/?s={search_term_string}\"},\"query-input\":{\"@type\":\"PropertyValueSpecification\",\"valueRequired\":true,\"valueName\":\"search_term_string\"}}],\"inLanguage\":\"de\"},{\"@type\":\"Organization\",\"@id\":\"https:\\\/\\\/lbrent.es\\\/de\\\/#organization\",\"name\":\"LB Oprent\",\"alternateName\":\"Soluciones financieras para empresas industriales en Europa\",\"url\":\"https:\\\/\\\/lbrent.es\\\/de\\\/\",\"logo\":{\"@type\":\"ImageObject\",\"inLanguage\":\"de\",\"@id\":\"https:\\\/\\\/lbrent.es\\\/de\\\/#\\\/schema\\\/logo\\\/image\\\/\",\"url\":\"https:\\\/\\\/lbrent.es\\\/wp-content\\\/uploads\\\/2023\\\/03\\\/cropped-LB-Oprent-Favicon.png\",\"contentUrl\":\"https:\\\/\\\/lbrent.es\\\/wp-content\\\/uploads\\\/2023\\\/03\\\/cropped-LB-Oprent-Favicon.png\",\"width\":512,\"height\":512,\"caption\":\"LB Oprent\"},\"image\":{\"@id\":\"https:\\\/\\\/lbrent.es\\\/de\\\/#\\\/schema\\\/logo\\\/image\\\/\"}}]}<\/script>\n<!-- \/ Yoast SEO plugin. -->","yoast_head_json":{"title":"Rechtlicher Hinweis | LB Oprent","robots":{"index":"index","follow":"follow","max-snippet":"max-snippet:-1","max-image-preview":"max-image-preview:large","max-video-preview":"max-video-preview:-1"},"canonical":"https:\/\/lbrent.es\/de\/rechtlicher-hinweis\/","og_locale":"de_DE","og_type":"article","og_title":"Rechtlicher Hinweis | LB Oprent","og_description":"Home &gt; Rechtliche HinweiseRechtlicher HinweisAngaben zur verantwortlichen Person In \u00dcbereinstimmung mit den Bestimmungen von Artikel 10 des Gesetzes 34\/2002 vom 11. Juli \u00fcber die Dienste der Informationsgesellschaft und den elektronischen Gesch\u00e4ftsverkehr werden im Folgenden die Identifikationsdaten der f\u00fcr die Erbringung der Dienste verantwortlichen Person angegeben. &nbsp; Name des Unternehmens: LB OPRENT SA C.I.F.\/N.I.F.: A86674926 Eingetragener [&hellip;]","og_url":"https:\/\/lbrent.es\/de\/rechtlicher-hinweis\/","og_site_name":"LB Oprent","article_modified_time":"2024-04-24T10:52:26+00:00","og_image":[{"width":496,"height":156,"url":"https:\/\/lbrent.es\/wp-content\/uploads\/2023\/03\/LB-Oprent.png","type":"image\/png"}],"twitter_card":"summary_large_image","twitter_misc":{"Gesch\u00e4tzte Lesezeit":"9\u00a0Minuten"},"schema":{"@context":"https:\/\/schema.org","@graph":[{"@type":"WebPage","@id":"https:\/\/lbrent.es\/de\/rechtlicher-hinweis\/","url":"https:\/\/lbrent.es\/de\/rechtlicher-hinweis\/","name":"Rechtlicher Hinweis | LB Oprent","isPartOf":{"@id":"https:\/\/lbrent.es\/de\/#website"},"datePublished":"2023-01-13T16:39:49+00:00","dateModified":"2024-04-24T10:52:26+00:00","breadcrumb":{"@id":"https:\/\/lbrent.es\/de\/rechtlicher-hinweis\/#breadcrumb"},"inLanguage":"de","potentialAction":[{"@type":"ReadAction","target":["https:\/\/lbrent.es\/de\/rechtlicher-hinweis\/"]}]},{"@type":"BreadcrumbList","@id":"https:\/\/lbrent.es\/de\/rechtlicher-hinweis\/#breadcrumb","itemListElement":[{"@type":"ListItem","position":1,"name":"Inicio","item":"https:\/\/lbrent.es\/de\/3464-2\/"},{"@type":"ListItem","position":2,"name":"Rechtlicher Hinweis"}]},{"@type":"WebSite","@id":"https:\/\/lbrent.es\/de\/#website","url":"https:\/\/lbrent.es\/de\/","name":"LB Oprent","description":"","publisher":{"@id":"https:\/\/lbrent.es\/de\/#organization"},"alternateName":"Soluciones financieras para empresas industriales en Europa","potentialAction":[{"@type":"SearchAction","target":{"@type":"EntryPoint","urlTemplate":"https:\/\/lbrent.es\/de\/?s={search_term_string}"},"query-input":{"@type":"PropertyValueSpecification","valueRequired":true,"valueName":"search_term_string"}}],"inLanguage":"de"},{"@type":"Organization","@id":"https:\/\/lbrent.es\/de\/#organization","name":"LB Oprent","alternateName":"Soluciones financieras para empresas industriales en Europa","url":"https:\/\/lbrent.es\/de\/","logo":{"@type":"ImageObject","inLanguage":"de","@id":"https:\/\/lbrent.es\/de\/#\/schema\/logo\/image\/","url":"https:\/\/lbrent.es\/wp-content\/uploads\/2023\/03\/cropped-LB-Oprent-Favicon.png","contentUrl":"https:\/\/lbrent.es\/wp-content\/uploads\/2023\/03\/cropped-LB-Oprent-Favicon.png","width":512,"height":512,"caption":"LB Oprent"},"image":{"@id":"https:\/\/lbrent.es\/de\/#\/schema\/logo\/image\/"}}]}},"_links":{"self":[{"href":"https:\/\/lbrent.es\/de\/wp-json\/wp\/v2\/pages\/3282","targetHints":{"allow":["GET"]}}],"collection":[{"href":"https:\/\/lbrent.es\/de\/wp-json\/wp\/v2\/pages"}],"about":[{"href":"https:\/\/lbrent.es\/de\/wp-json\/wp\/v2\/types\/page"}],"author":[{"embeddable":true,"href":"https:\/\/lbrent.es\/de\/wp-json\/wp\/v2\/users\/2"}],"replies":[{"embeddable":true,"href":"https:\/\/lbrent.es\/de\/wp-json\/wp\/v2\/comments?post=3282"}],"version-history":[{"count":2,"href":"https:\/\/lbrent.es\/de\/wp-json\/wp\/v2\/pages\/3282\/revisions"}],"predecessor-version":[{"id":4520,"href":"https:\/\/lbrent.es\/de\/wp-json\/wp\/v2\/pages\/3282\/revisions\/4520"}],"wp:attachment":[{"href":"https:\/\/lbrent.es\/de\/wp-json\/wp\/v2\/media?parent=3282"}],"curies":[{"name":"wp","href":"https:\/\/api.w.org\/{rel}","templated":true}]}}