{"id":3006,"date":"2023-01-17T15:39:56","date_gmt":"2023-01-17T15:39:56","guid":{"rendered":"https:\/\/lbrent.es\/materiel-a-vendre\/"},"modified":"2023-04-18T07:43:06","modified_gmt":"2023-04-18T07:43:06","slug":"materiel-a-vendre","status":"publish","type":"page","link":"https:\/\/lbrent.es\/fr\/materiel-a-vendre\/","title":{"rendered":"Mat\u00e9riel \u00e0 vendre"},"content":{"rendered":"<p>[et_pb_section fb_built=\u00a0\u00bb1&Prime; _builder_version=\u00a0\u00bb4.19.4&Prime; _module_preset=\u00a0\u00bbdefault\u00a0\u00bb use_background_color_gradient=\u00a0\u00bbon\u00a0\u00bb background_color_gradient_stops=\u00a0\u00bbrgba(33,63,143,0.5) 0%|rgba(33,63,143,0.5) 99%\u00a0\u00bb background_color_gradient_overlays_image=\u00a0\u00bbon\u00a0\u00bb background_image=\u00a0\u00bbhttps:\/\/lbrent.es\/wp-content\/uploads\/2023\/01\/fondo1-lb.jpg\u00a0\u00bb custom_padding=\u00a0\u00bb48px||40px||false|\u00a0\u00bb locked=\u00a0\u00bboff\u00a0\u00bb global_colors_info=\u00a0\u00bb{}\u00a0\u00bb][et_pb_row column_structure=\u00a0\u00bb1_2,1_2&Prime; _builder_version=\u00a0\u00bb4.19.4&Prime; _module_preset=\u00a0\u00bbdefault\u00a0\u00bb custom_padding=\u00a0\u00bb0px|||||\u00a0\u00bb global_colors_info=\u00a0\u00bb{}\u00a0\u00bb][et_pb_column type=\u00a0\u00bb1_2&Prime; _builder_version=\u00a0\u00bb4.19.4&Prime; _module_preset=\u00a0\u00bbdefault\u00a0\u00bb global_colors_info=\u00a0\u00bb{}\u00a0\u00bb][et_pb_text _builder_version=\u00a0\u00bb4.19.4&Prime; _module_preset=\u00a0\u00bbdefault\u00a0\u00bb text_text_color=\u00a0\u00bb#FFFFFF\u00a0\u00bb text_font_size=\u00a0\u00bb1em\u00a0\u00bb custom_margin=\u00a0\u00bb||80px|||\u00a0\u00bb global_colors_info=\u00a0\u00bb{}\u00a0\u00bb]<\/p>\n<p><a href=\"https:\/\/lbrent.es\/fr\/\">Accueil<\/a> &gt; Mat\u00e9riel \u00e0 vendre<\/p>\n<p>[\/et_pb_text][et_pb_text _builder_version=\u00a0\u00bb4.19.4&Prime; _module_preset=\u00a0\u00bbdefault\u00a0\u00bb header_2_font=\u00a0\u00bb||||||||\u00a0\u00bb header_2_text_color=\u00a0\u00bb#FFFFFF\u00a0\u00bb header_2_font_size=\u00a0\u00bb1.4em\u00a0\u00bb header_2_line_height=\u00a0\u00bb1.3em\u00a0\u00bb custom_margin=\u00a0\u00bb||-2px|||\u00a0\u00bb custom_padding=\u00a0\u00bb|40px||||\u00a0\u00bb global_colors_info=\u00a0\u00bb{}\u00a0\u00bb]<\/p>\n<h2><span>Services industriels<\/span><\/h2>\n<p>[\/et_pb_text][et_pb_text disabled_on=\u00a0\u00bboff|off|off\u00a0\u00bb _builder_version=\u00a0\u00bb4.19.4&Prime; _module_preset=\u00a0\u00bbdefault\u00a0\u00bb header_font=\u00a0\u00bb||||||||\u00a0\u00bb header_text_align=\u00a0\u00bbleft\u00a0\u00bb header_text_color=\u00a0\u00bb#FFFFFF\u00a0\u00bb header_font_size=\u00a0\u00bb3.8em\u00a0\u00bb header_line_height=\u00a0\u00bb1.3em\u00a0\u00bb custom_margin=\u00a0\u00bb16px|||||\u00a0\u00bb header_font_size_tablet=\u00a0\u00bb3.8em\u00a0\u00bb header_font_size_phone=\u00a0\u00bb2em\u00a0\u00bb header_font_size_last_edited=\u00a0\u00bbon|phone\u00a0\u00bb global_colors_info=\u00a0\u00bb{}\u00a0\u00bb]<\/p>\n<h1>Mat\u00e9riel \u00e0 vendre<\/h1>\n<p>[\/et_pb_text][\/et_pb_column][et_pb_column type=\u00a0\u00bb1_2&Prime; _builder_version=\u00a0\u00bb4.19.4&Prime; _module_preset=\u00a0\u00bbdefault\u00a0\u00bb global_colors_info=\u00a0\u00bb{}\u00a0\u00bb][\/et_pb_column][\/et_pb_row][\/et_pb_section][et_pb_section fb_built=\u00a0\u00bb1&Prime; _builder_version=\u00a0\u00bb4.19.4&Prime; _module_preset=\u00a0\u00bbdefault\u00a0\u00bb locked=\u00a0\u00bboff\u00a0\u00bb global_colors_info=\u00a0\u00bb{}\u00a0\u00bb][et_pb_row column_structure=\u00a0\u00bb2_5,3_5&Prime; _builder_version=\u00a0\u00bb4.19.4&Prime; _module_preset=\u00a0\u00bbdefault\u00a0\u00bb custom_margin=\u00a0\u00bb|auto|61px|auto||\u00a0\u00bb custom_padding=\u00a0\u00bb0px||0px|||\u00a0\u00bb global_colors_info=\u00a0\u00bb{}\u00a0\u00bb][et_pb_column type=\u00a0\u00bb2_5&Prime; _builder_version=\u00a0\u00bb4.19.4&Prime; _module_preset=\u00a0\u00bbdefault\u00a0\u00bb global_colors_info=\u00a0\u00bb{}\u00a0\u00bb][et_pb_text _builder_version=\u00a0\u00bb4.19.4&Prime; _module_preset=\u00a0\u00bbdefault\u00a0\u00bb header_font=\u00a0\u00bbDM Sans||||||||\u00a0\u00bb header_text_color=\u00a0\u00bb#01003c\u00a0\u00bb header_font_size=\u00a0\u00bb48px\u00a0\u00bb header_line_height=\u00a0\u00bb1.4em\u00a0\u00bb header_3_font=\u00a0\u00bbDM Sans||||||||\u00a0\u00bb header_3_font_size=\u00a0\u00bb3.2em\u00a0\u00bb custom_margin=\u00a0\u00bb16px|||||\u00a0\u00bb global_colors_info=\u00a0\u00bb{}\u00a0\u00bb]<\/p>\n<h3>Comment cela fonctionne-t-il ?<\/h3>\n<p>[\/et_pb_text][et_pb_text _builder_version=\u00a0\u00bb4.19.4&Prime; _module_preset=\u00a0\u00bbdefault\u00a0\u00bb text_text_color=\u00a0\u00bb#000000&Prime; text_font_size=\u00a0\u00bb1em\u00a0\u00bb header_2_font=\u00a0\u00bbDM Sans||||||||\u00a0\u00bb header_2_text_color=\u00a0\u00bb#FFFFFF\u00a0\u00bb header_2_font_size=\u00a0\u00bb32px\u00a0\u00bb header_2_line_height=\u00a0\u00bb1.3em\u00a0\u00bb custom_margin=\u00a0\u00bb1px||37px||false|false\u00a0\u00bb custom_padding=\u00a0\u00bb||||false|false\u00a0\u00bb hover_enabled=\u00a0\u00bb0&Prime; global_colors_info=\u00a0\u00bb{}\u00a0\u00bb sticky_enabled=\u00a0\u00bb0&Prime;]<\/p>\n<p>Si vous avez besoin de vendre vos actifs industriels, l&rsquo;\u00e9quipe d&rsquo;experts de LB est la meilleure solution pour trouver des acheteurs rapidement et toujours au meilleur prix. Contactez-nous pour une \u00e9tude adapt\u00e9e \u00e0 vos besoins.<\/p>\n<p>[\/et_pb_text][\/et_pb_column][et_pb_column type=\u00a0\u00bb3_5&Prime; _builder_version=\u00a0\u00bb4.19.4&Prime; _module_preset=\u00a0\u00bbdefault\u00a0\u00bb global_colors_info=\u00a0\u00bb{}\u00a0\u00bb][\/et_pb_column][\/et_pb_row][et_pb_row use_custom_gutter=\u00a0\u00bbon\u00a0\u00bb gutter_width=\u00a0\u00bb4&Prime; _builder_version=\u00a0\u00bb4.19.4&Prime; _module_preset=\u00a0\u00bbdefault\u00a0\u00bb custom_margin=\u00a0\u00bb25px|auto||auto||\u00a0\u00bb custom_padding=\u00a0\u00bb0px|||||\u00a0\u00bb global_colors_info=\u00a0\u00bb{}\u00a0\u00bb][et_pb_column type=\u00a0\u00bb4_4&Prime; _builder_version=\u00a0\u00bb4.19.4&Prime; _module_preset=\u00a0\u00bbdefault\u00a0\u00bb global_colors_info=\u00a0\u00bb{}\u00a0\u00bb][et_pb_filterable_portfolio fullwidth=\u00a0\u00bboff\u00a0\u00bb zoom_icon_color=\u00a0\u00bbRGBA(255,255,255,0)\u00a0\u00bb hover_overlay_color=\u00a0\u00bbRGBA(255,255,255,0)\u00a0\u00bb module_id=\u00a0\u00bbPortafolio\u00a0\u00bb module_class=\u00a0\u00bbPortafolio\u00a0\u00bb _builder_version=\u00a0\u00bb4.19.4&Prime; _module_preset=\u00a0\u00bbdefault\u00a0\u00bb title_font_size=\u00a0\u00bb1.6em\u00a0\u00bb filter_font_size=\u00a0\u00bb1em\u00a0\u00bb caption_text_color=\u00a0\u00bb#000000&Prime; pagination_text_color=\u00a0\u00bb#000000&Prime; pagination_font_size=\u00a0\u00bb1em\u00a0\u00bb custom_css_portfolio_filters=\u00a0\u00bb  background: -prefix-linear-gradient(70deg, #122A6A, #122044) !important;|| background: linear-gradient(70deg, #122A6A, #122044) !important;|| padding-top: .6em;|| padding-bottom: .4em;|| margin-top: .2em;|| margin-right: .8em;|| border-radius: 6px 6px 6px 0px;|| text-transform: capitalize;|| display: inline-block;|| transition-duration: 0.8s;\u00a0\u00bb custom_css_active_portfolio_filter=\u00a0\u00bb  font-family: &lsquo;Times new roman&rsquo;;|| font-style: italic;|| font-size: 1.3em;||  color: #000;|| background: #fff !important;|| padding-top: .4em;|| padding-bottom: .4em;|| padding-left: .9em;|| padding-right: .9em;|| margin-bottom: .1em;|| margin-right: .8em;|| margin-left: .8em;|| border-radius: 6px 6px 6px 0px;|| text-transform: capitalize;|| display: inline-block;|| transition-duration: 0.8s;\u00a0\u00bb custom_css_portfolio_pagination_active=\u00a0\u00bb \u00a0\u00bb global_colors_info=\u00a0\u00bb{}\u00a0\u00bb][\/et_pb_filterable_portfolio][\/et_pb_column][\/et_pb_row][\/et_pb_section][et_pb_section fb_built=\u00a0\u00bb1&Prime; disabled_on=\u00a0\u00bbon|off|off\u00a0\u00bb _builder_version=\u00a0\u00bb4.19.4&Prime; _module_preset=\u00a0\u00bbdefault\u00a0\u00bb background_image=\u00a0\u00bbhttps:\/\/lbrent.es\/wp-content\/uploads\/2023\/01\/LB-8.jpg\u00a0\u00bb custom_padding=\u00a0\u00bb80px||80px||true|\u00a0\u00bb global_module=\u00a0\u00bb466&Prime; saved_tabs=\u00a0\u00bball\u00a0\u00bb global_colors_info=\u00a0\u00bb{}\u00a0\u00bb][et_pb_row _builder_version=\u00a0\u00bb4.19.4&Prime; _module_preset=\u00a0\u00bbdefault\u00a0\u00bb global_colors_info=\u00a0\u00bb{}\u00a0\u00bb][et_pb_column type=\u00a0\u00bb4_4&Prime; _builder_version=\u00a0\u00bb4.19.4&Prime; _module_preset=\u00a0\u00bbdefault\u00a0\u00bb global_colors_info=\u00a0\u00bb{}\u00a0\u00bb][et_pb_text _builder_version=\u00a0\u00bb4.19.4&Prime; _module_preset=\u00a0\u00bbdefault\u00a0\u00bb header_2_font=\u00a0\u00bbDM Sans||||||||\u00a0\u00bb header_2_text_align=\u00a0\u00bbcenter\u00a0\u00bb header_2_text_color=\u00a0\u00bb#000000&Prime; header_2_font_size=\u00a0\u00bb2.4em\u00a0\u00bb header_2_line_height=\u00a0\u00bb1.3em\u00a0\u00bb custom_margin=\u00a0\u00bb||-2px|||\u00a0\u00bb custom_padding=\u00a0\u00bb|40px||||\u00a0\u00bb header_2_font_size_tablet=\u00a0\u00bb1.6em\u00a0\u00bb header_2_font_size_phone=\u00a0\u00bb1.4em\u00a0\u00bb header_2_font_size_last_edited=\u00a0\u00bbon|phone\u00a0\u00bb global_colors_info=\u00a0\u00bb{}\u00a0\u00bb]<\/p>\n<h2>LB Oprent se positionne comme un<br \/>une <span style=\"font-size: 1.12em; font-style: italic; font-family: 'Times new roman';\">solution globale <\/span>aux diff\u00e9rentes<br \/>les besoins financiers de leurs <span style=\"font-size: 1.12em; font-style: italic; font-family: 'Times new roman';\">clients<\/span>.<\/h2>\n<p>[\/et_pb_text][\/et_pb_column][\/et_pb_row][\/et_pb_section]<\/p>\n","protected":false},"excerpt":{"rendered":"<p>Accueil &gt; Mat\u00e9riel \u00e0 vendreServices industrielsMat\u00e9riel \u00e0 vendreComment cela fonctionne-t-il ?Si vous avez besoin de vendre vos actifs industriels, l&rsquo;\u00e9quipe d&rsquo;experts de LB est la meilleure solution pour trouver des acheteurs rapidement et toujours au meilleur prix. Contactez-nous pour une \u00e9tude adapt\u00e9e \u00e0 vos besoins.LB Oprent se positionne comme unune solution globale aux diff\u00e9rentesles besoins [&hellip;]<\/p>\n","protected":false},"author":2,"featured_media":0,"parent":0,"menu_order":0,"comment_status":"closed","ping_status":"closed","template":"","meta":{"_et_pb_use_builder":"on","_et_pb_old_content":"","_et_gb_content_width":"","footnotes":""},"class_list":["post-3006","page","type-page","status-publish","hentry"],"yoast_head":"<!-- This site is optimized with the Yoast SEO plugin v27.5 - https:\/\/yoast.com\/product\/yoast-seo-wordpress\/ -->\n<title>Mat\u00e9riel \u00e0 vendre | LB Oprent<\/title>\n<meta name=\"robots\" content=\"index, follow, max-snippet:-1, max-image-preview:large, max-video-preview:-1\" \/>\n<link rel=\"canonical\" href=\"https:\/\/lbrent.es\/fr\/materiel-a-vendre\/\" \/>\n<meta property=\"og:locale\" content=\"fr_FR\" \/>\n<meta property=\"og:type\" content=\"article\" \/>\n<meta property=\"og:title\" content=\"Mat\u00e9riel \u00e0 vendre | LB Oprent\" \/>\n<meta property=\"og:description\" content=\"Accueil &gt; Mat\u00e9riel \u00e0 vendreServices industrielsMat\u00e9riel \u00e0 vendreComment cela fonctionne-t-il ?Si vous avez besoin de vendre vos actifs industriels, l&#039;\u00e9quipe d&#039;experts de LB est la meilleure solution pour trouver des acheteurs rapidement et toujours au meilleur prix. Contactez-nous pour une \u00e9tude adapt\u00e9e \u00e0 vos besoins.LB Oprent se positionne comme unune solution globale aux diff\u00e9rentesles besoins [&hellip;]\" \/>\n<meta property=\"og:url\" content=\"https:\/\/lbrent.es\/fr\/materiel-a-vendre\/\" \/>\n<meta property=\"og:site_name\" content=\"LB Oprent\" \/>\n<meta property=\"article:modified_time\" content=\"2023-04-18T07:43:06+00:00\" \/>\n<meta property=\"og:image\" content=\"https:\/\/lbrent.es\/wp-content\/uploads\/2023\/03\/LB-Oprent.png\" \/>\n\t<meta property=\"og:image:width\" content=\"496\" \/>\n\t<meta property=\"og:image:height\" content=\"156\" \/>\n\t<meta property=\"og:image:type\" content=\"image\/png\" \/>\n<meta name=\"twitter:card\" content=\"summary_large_image\" \/>\n<meta name=\"twitter:label1\" content=\"Dur\u00e9e de lecture estim\u00e9e\" \/>\n\t<meta name=\"twitter:data1\" content=\"4 minutes\" \/>\n<script type=\"application\/ld+json\" class=\"yoast-schema-graph\">{\"@context\":\"https:\\\/\\\/schema.org\",\"@graph\":[{\"@type\":\"WebPage\",\"@id\":\"https:\\\/\\\/lbrent.es\\\/fr\\\/materiel-a-vendre\\\/\",\"url\":\"https:\\\/\\\/lbrent.es\\\/fr\\\/materiel-a-vendre\\\/\",\"name\":\"Mat\u00e9riel \u00e0 vendre | LB Oprent\",\"isPartOf\":{\"@id\":\"https:\\\/\\\/lbrent.es\\\/fr\\\/#website\"},\"datePublished\":\"2023-01-17T15:39:56+00:00\",\"dateModified\":\"2023-04-18T07:43:06+00:00\",\"breadcrumb\":{\"@id\":\"https:\\\/\\\/lbrent.es\\\/fr\\\/materiel-a-vendre\\\/#breadcrumb\"},\"inLanguage\":\"fr-FR\",\"potentialAction\":[{\"@type\":\"ReadAction\",\"target\":[\"https:\\\/\\\/lbrent.es\\\/fr\\\/materiel-a-vendre\\\/\"]}]},{\"@type\":\"BreadcrumbList\",\"@id\":\"https:\\\/\\\/lbrent.es\\\/fr\\\/materiel-a-vendre\\\/#breadcrumb\",\"itemListElement\":[{\"@type\":\"ListItem\",\"position\":1,\"name\":\"Inicio\",\"item\":\"https:\\\/\\\/lbrent.es\\\/fr\\\/3462-2\\\/\"},{\"@type\":\"ListItem\",\"position\":2,\"name\":\"Mat\u00e9riel \u00e0 vendre\"}]},{\"@type\":\"WebSite\",\"@id\":\"https:\\\/\\\/lbrent.es\\\/fr\\\/#website\",\"url\":\"https:\\\/\\\/lbrent.es\\\/fr\\\/\",\"name\":\"LB Oprent\",\"description\":\"\",\"publisher\":{\"@id\":\"https:\\\/\\\/lbrent.es\\\/fr\\\/#organization\"},\"alternateName\":\"Soluciones financieras para empresas industriales en Europa\",\"potentialAction\":[{\"@type\":\"SearchAction\",\"target\":{\"@type\":\"EntryPoint\",\"urlTemplate\":\"https:\\\/\\\/lbrent.es\\\/fr\\\/?s={search_term_string}\"},\"query-input\":{\"@type\":\"PropertyValueSpecification\",\"valueRequired\":true,\"valueName\":\"search_term_string\"}}],\"inLanguage\":\"fr-FR\"},{\"@type\":\"Organization\",\"@id\":\"https:\\\/\\\/lbrent.es\\\/fr\\\/#organization\",\"name\":\"LB Oprent\",\"alternateName\":\"Soluciones financieras para empresas industriales en Europa\",\"url\":\"https:\\\/\\\/lbrent.es\\\/fr\\\/\",\"logo\":{\"@type\":\"ImageObject\",\"inLanguage\":\"fr-FR\",\"@id\":\"https:\\\/\\\/lbrent.es\\\/fr\\\/#\\\/schema\\\/logo\\\/image\\\/\",\"url\":\"https:\\\/\\\/lbrent.es\\\/wp-content\\\/uploads\\\/2023\\\/03\\\/cropped-LB-Oprent-Favicon.png\",\"contentUrl\":\"https:\\\/\\\/lbrent.es\\\/wp-content\\\/uploads\\\/2023\\\/03\\\/cropped-LB-Oprent-Favicon.png\",\"width\":512,\"height\":512,\"caption\":\"LB Oprent\"},\"image\":{\"@id\":\"https:\\\/\\\/lbrent.es\\\/fr\\\/#\\\/schema\\\/logo\\\/image\\\/\"}}]}<\/script>\n<!-- \/ Yoast SEO plugin. -->","yoast_head_json":{"title":"Mat\u00e9riel \u00e0 vendre | LB Oprent","robots":{"index":"index","follow":"follow","max-snippet":"max-snippet:-1","max-image-preview":"max-image-preview:large","max-video-preview":"max-video-preview:-1"},"canonical":"https:\/\/lbrent.es\/fr\/materiel-a-vendre\/","og_locale":"fr_FR","og_type":"article","og_title":"Mat\u00e9riel \u00e0 vendre | LB Oprent","og_description":"Accueil &gt; Mat\u00e9riel \u00e0 vendreServices industrielsMat\u00e9riel \u00e0 vendreComment cela fonctionne-t-il ?Si vous avez besoin de vendre vos actifs industriels, l'\u00e9quipe d'experts de LB est la meilleure solution pour trouver des acheteurs rapidement et toujours au meilleur prix. Contactez-nous pour une \u00e9tude adapt\u00e9e \u00e0 vos besoins.LB Oprent se positionne comme unune solution globale aux diff\u00e9rentesles besoins [&hellip;]","og_url":"https:\/\/lbrent.es\/fr\/materiel-a-vendre\/","og_site_name":"LB Oprent","article_modified_time":"2023-04-18T07:43:06+00:00","og_image":[{"width":496,"height":156,"url":"https:\/\/lbrent.es\/wp-content\/uploads\/2023\/03\/LB-Oprent.png","type":"image\/png"}],"twitter_card":"summary_large_image","twitter_misc":{"Dur\u00e9e de lecture estim\u00e9e":"4 minutes"},"schema":{"@context":"https:\/\/schema.org","@graph":[{"@type":"WebPage","@id":"https:\/\/lbrent.es\/fr\/materiel-a-vendre\/","url":"https:\/\/lbrent.es\/fr\/materiel-a-vendre\/","name":"Mat\u00e9riel \u00e0 vendre | LB Oprent","isPartOf":{"@id":"https:\/\/lbrent.es\/fr\/#website"},"datePublished":"2023-01-17T15:39:56+00:00","dateModified":"2023-04-18T07:43:06+00:00","breadcrumb":{"@id":"https:\/\/lbrent.es\/fr\/materiel-a-vendre\/#breadcrumb"},"inLanguage":"fr-FR","potentialAction":[{"@type":"ReadAction","target":["https:\/\/lbrent.es\/fr\/materiel-a-vendre\/"]}]},{"@type":"BreadcrumbList","@id":"https:\/\/lbrent.es\/fr\/materiel-a-vendre\/#breadcrumb","itemListElement":[{"@type":"ListItem","position":1,"name":"Inicio","item":"https:\/\/lbrent.es\/fr\/3462-2\/"},{"@type":"ListItem","position":2,"name":"Mat\u00e9riel \u00e0 vendre"}]},{"@type":"WebSite","@id":"https:\/\/lbrent.es\/fr\/#website","url":"https:\/\/lbrent.es\/fr\/","name":"LB Oprent","description":"","publisher":{"@id":"https:\/\/lbrent.es\/fr\/#organization"},"alternateName":"Soluciones financieras para empresas industriales en Europa","potentialAction":[{"@type":"SearchAction","target":{"@type":"EntryPoint","urlTemplate":"https:\/\/lbrent.es\/fr\/?s={search_term_string}"},"query-input":{"@type":"PropertyValueSpecification","valueRequired":true,"valueName":"search_term_string"}}],"inLanguage":"fr-FR"},{"@type":"Organization","@id":"https:\/\/lbrent.es\/fr\/#organization","name":"LB Oprent","alternateName":"Soluciones financieras para empresas industriales en Europa","url":"https:\/\/lbrent.es\/fr\/","logo":{"@type":"ImageObject","inLanguage":"fr-FR","@id":"https:\/\/lbrent.es\/fr\/#\/schema\/logo\/image\/","url":"https:\/\/lbrent.es\/wp-content\/uploads\/2023\/03\/cropped-LB-Oprent-Favicon.png","contentUrl":"https:\/\/lbrent.es\/wp-content\/uploads\/2023\/03\/cropped-LB-Oprent-Favicon.png","width":512,"height":512,"caption":"LB Oprent"},"image":{"@id":"https:\/\/lbrent.es\/fr\/#\/schema\/logo\/image\/"}}]}},"_links":{"self":[{"href":"https:\/\/lbrent.es\/fr\/wp-json\/wp\/v2\/pages\/3006","targetHints":{"allow":["GET"]}}],"collection":[{"href":"https:\/\/lbrent.es\/fr\/wp-json\/wp\/v2\/pages"}],"about":[{"href":"https:\/\/lbrent.es\/fr\/wp-json\/wp\/v2\/types\/page"}],"author":[{"embeddable":true,"href":"https:\/\/lbrent.es\/fr\/wp-json\/wp\/v2\/users\/2"}],"replies":[{"embeddable":true,"href":"https:\/\/lbrent.es\/fr\/wp-json\/wp\/v2\/comments?post=3006"}],"version-history":[{"count":1,"href":"https:\/\/lbrent.es\/fr\/wp-json\/wp\/v2\/pages\/3006\/revisions"}],"predecessor-version":[{"id":3009,"href":"https:\/\/lbrent.es\/fr\/wp-json\/wp\/v2\/pages\/3006\/revisions\/3009"}],"wp:attachment":[{"href":"https:\/\/lbrent.es\/fr\/wp-json\/wp\/v2\/media?parent=3006"}],"curies":[{"name":"wp","href":"https:\/\/api.w.org\/{rel}","templated":true}]}}